{"id":1474,"date":"2021-10-04T19:54:10","date_gmt":"2021-10-04T19:54:10","guid":{"rendered":"https:\/\/qvt.naturorel.fr\/?page_id=1474"},"modified":"2021-10-31T12:00:49","modified_gmt":"2021-10-31T12:00:49","slug":"contact-entreprise","status":"publish","type":"page","link":"https:\/\/naturorel.fr\/sante-bien-etre-au-travail\/contact-entreprise\/","title":{"rendered":"Contact &#8211; Entreprises"},"content":{"rendered":"<style>.wp-block-kadence-advancedheading.kt-adv-heading_d1d211-6f, .wp-block-kadence-advancedheading.kt-adv-heading_d1d211-6f[data-kb-block=\"kb-adv-heading_d1d211-6f\"]{text-align:center;font-style:normal;}.wp-block-kadence-advancedheading.kt-adv-heading_d1d211-6f mark.kt-highlight, .wp-block-kadence-advancedheading.kt-adv-heading_d1d211-6f[data-kb-block=\"kb-adv-heading_d1d211-6f\"] mark.kt-highlight{font-style:normal;color:#f76a0c;-webkit-box-decoration-break:clone;box-decoration-break:clone;padding-top:0px;padding-right:0px;padding-bottom:0px;padding-left:0px;}.wp-block-kadence-advancedheading.kt-adv-heading_d1d211-6f img.kb-inline-image, .wp-block-kadence-advancedheading.kt-adv-heading_d1d211-6f[data-kb-block=\"kb-adv-heading_d1d211-6f\"] img.kb-inline-image{width:150px;vertical-align:baseline;}<\/style>\n<h1 class=\"kt-adv-heading_d1d211-6f wp-block-kadence-advancedheading\" data-kb-block=\"kb-adv-heading_d1d211-6f\">Contribuons au bien-\u00eatre de vos salari\u00e9s, contactez-nous !<\/h1>\n\n\n<style>.wp-block-kadence-advancedheading.kt-adv-heading_e3d96c-cc, .wp-block-kadence-advancedheading.kt-adv-heading_e3d96c-cc[data-kb-block=\"kb-adv-heading_e3d96c-cc\"]{font-style:normal;}.wp-block-kadence-advancedheading.kt-adv-heading_e3d96c-cc mark.kt-highlight, .wp-block-kadence-advancedheading.kt-adv-heading_e3d96c-cc[data-kb-block=\"kb-adv-heading_e3d96c-cc\"] mark.kt-highlight{font-style:normal;color:#f76a0c;-webkit-box-decoration-break:clone;box-decoration-break:clone;padding-top:0px;padding-right:0px;padding-bottom:0px;padding-left:0px;}.wp-block-kadence-advancedheading.kt-adv-heading_e3d96c-cc img.kb-inline-image, .wp-block-kadence-advancedheading.kt-adv-heading_e3d96c-cc[data-kb-block=\"kb-adv-heading_e3d96c-cc\"] img.kb-inline-image{width:150px;vertical-align:baseline;}<\/style>\n<h5 class=\"kt-adv-heading_e3d96c-cc wp-block-kadence-advancedheading\" data-kb-block=\"kb-adv-heading_e3d96c-cc\">Un renseignement ? un devis ? <\/h5>\n\n\n<style>.wp-block-kadence-advancedheading.kt-adv-heading_897883-64, .wp-block-kadence-advancedheading.kt-adv-heading_897883-64[data-kb-block=\"kb-adv-heading_897883-64\"]{font-style:normal;}.wp-block-kadence-advancedheading.kt-adv-heading_897883-64 mark.kt-highlight, .wp-block-kadence-advancedheading.kt-adv-heading_897883-64[data-kb-block=\"kb-adv-heading_897883-64\"] mark.kt-highlight{font-style:normal;color:#f76a0c;-webkit-box-decoration-break:clone;box-decoration-break:clone;padding-top:0px;padding-right:0px;padding-bottom:0px;padding-left:0px;}.wp-block-kadence-advancedheading.kt-adv-heading_897883-64 img.kb-inline-image, .wp-block-kadence-advancedheading.kt-adv-heading_897883-64[data-kb-block=\"kb-adv-heading_897883-64\"] img.kb-inline-image{width:150px;vertical-align:baseline;}<\/style>\n<h6 class=\"kt-adv-heading_897883-64 wp-block-kadence-advancedheading\" data-kb-block=\"kb-adv-heading_897883-64\">Travaillons ensemble pour accompagner vos salari\u00e9s dans les domaines de la sant\u00e9, de la pr\u00e9vention et du bien-\u00eatre au travail !<\/h6>\n\n\n\n<div class=\"wp-block-kioken-rowlayout alignnone bust-out-none\"><div id=\"kt-layout-id_bb5d36-b8\" class=\"kio-row-layout-inner kt-row-has-bg kt-layout-id_bb5d36-b8\" style=\"background-color:#e8f7ef\"><div class=\"kt-row-column-wrap kt-has-2-columns kt-gutter-default kt-row-valign-top kio-row-layout-equal kt-tab-layout-inherit kt-m-colapse-left-to-right kt-mobile-layout-row\">\n<div class=\"wp-block-kioken-column inner-column-1 kioken-column_91fa66-0a\"><div class=\"kt-inside-inner-col\" style=\"background-blend-mode:normal\"><div>\n<a name=\"contact-naturorel\"><\/a>\n<a href=\"tel:+33805950915\"><img decoding=\"async\" src=\"https:\/\/naturorel.fr\/sante-bien-etre-au-travail\/wp-content\/uploads\/2021\/10\/gratuit-long-0_805_950_915-degrade.png\"><br><br><br><\/a><a href=\"mailto:contact@naturorel.fr\">contact@naturorel.fr<\/a>\n<p><br><b>NATUR&#8217;OREL<\/b><br>4 bis rue neuve<br>62173 RANSART<\/p>\n<\/div><\/div><\/div>\n\n\n\n<div class=\"wp-block-kioken-column inner-column-2 kioken-column_b8a105-1b\" style=\"background-color:#e8f7ef\"><div class=\"kt-inside-inner-col has-background\" style=\"background-blend-mode:normal;background-color:#e8f7ef\"><div><div class=\"wpforms-container wpforms-container-full wpforms-block\" id=\"wpforms-1179\"><form id=\"wpforms-form-1179\" class=\"wpforms-validate wpforms-form wpforms-ajax-form\" data-formid=\"1179\" method=\"post\" enctype=\"multipart\/form-data\" action=\"\/sante-bien-etre-au-travail\/wp-json\/wp\/v2\/pages\/1474\" data-token=\"ad0254ee406f974fa3232a87e5445af1\" data-token-time=\"1778292411\"><noscript class=\"wpforms-error-noscript\">Veuillez activer JavaScript dans votre navigateur pour remplir ce formulaire.<\/noscript><div class=\"wpforms-field-container\"><div id=\"wpforms-1179-field_0-container\" class=\"wpforms-field wpforms-field-name\" data-field-id=\"0\"><label class=\"wpforms-field-label wpforms-label-hide\" for=\"wpforms-1179-field_0\">Name <span class=\"wpforms-required-label\">*<\/span><\/label><div class=\"wpforms-field-row wpforms-field-medium\"><div class=\"wpforms-field-row-block wpforms-first wpforms-one-half\"><input type=\"text\" id=\"wpforms-1179-field_0\" class=\"wpforms-field-name-first wpforms-field-required\" name=\"wpforms[fields][0][first]\" placeholder=\"Pr\u00e9nom*\" required><label for=\"wpforms-1179-field_0\" class=\"wpforms-field-sublabel after wpforms-sublabel-hide\">Pr\u00e9nom<\/label><\/div><div class=\"wpforms-field-row-block wpforms-one-half\"><input type=\"text\" id=\"wpforms-1179-field_0-last\" class=\"wpforms-field-name-last wpforms-field-required\" name=\"wpforms[fields][0][last]\" placeholder=\"Nom*\" required><label for=\"wpforms-1179-field_0-last\" class=\"wpforms-field-sublabel after wpforms-sublabel-hide\">Nom<\/label><\/div><\/div><\/div><div id=\"wpforms-1179-field_1-container\" class=\"wpforms-field wpforms-field-email\" data-field-id=\"1\"><label class=\"wpforms-field-label wpforms-label-hide\" for=\"wpforms-1179-field_1\">Email* <span class=\"wpforms-required-label\">*<\/span><\/label><input type=\"email\" id=\"wpforms-1179-field_1\" class=\"wpforms-field-medium wpforms-field-required\" name=\"wpforms[fields][1]\" placeholder=\"Email\" spellcheck=\"false\" required><\/div><div id=\"wpforms-1179-field_3-container\" class=\"wpforms-field wpforms-field-name\" data-field-id=\"3\"><label class=\"wpforms-field-label wpforms-label-hide\" for=\"wpforms-1179-field_3\">Nom de l&#039;entreprise* <span class=\"wpforms-required-label\">*<\/span><\/label><input type=\"text\" id=\"wpforms-1179-field_3\" class=\"wpforms-field-medium wpforms-field-required\" name=\"wpforms[fields][3]\" placeholder=\"Nom de l&#039;entreprise*\" required><\/div><div id=\"wpforms-1179-field_2-container\" class=\"wpforms-field wpforms-field-textarea\" data-field-id=\"2\"><label class=\"wpforms-field-label\" for=\"wpforms-1179-field_2\">Votre message <span class=\"wpforms-required-label\">*<\/span><\/label><textarea id=\"wpforms-1179-field_2\" class=\"wpforms-field-large wpforms-field-required\" name=\"wpforms[fields][2]\" placeholder=\"Votre message\" required><\/textarea><\/div><\/div><!-- .wpforms-field-container --><div class=\"wpforms-submit-container\" ><input type=\"hidden\" name=\"wpforms[id]\" value=\"1179\"><input type=\"hidden\" name=\"page_title\" value=\"\"><input type=\"hidden\" name=\"page_url\" value=\"https:\/\/naturorel.fr\/sante-bien-etre-au-travail\/wp-json\/wp\/v2\/pages\/1474\"><input type=\"hidden\" name=\"url_referer\" value=\"\"><button type=\"submit\" name=\"wpforms[submit]\" id=\"wpforms-submit-1179\" class=\"wpforms-submit\" data-alt-text=\"Envoi en cours...\" data-submit-text=\"Envoyer\" aria-live=\"assertive\" value=\"wpforms-submit\">Envoyer<\/button><img decoding=\"async\" src=\"https:\/\/naturorel.fr\/sante-bien-etre-au-travail\/wp-content\/plugins\/wpforms-lite\/assets\/images\/submit-spin.svg\" class=\"wpforms-submit-spinner\" style=\"display: none;\" width=\"26\" height=\"26\" alt=\"Chargement en cours\"><\/div><\/form><\/div>  <!-- .wpforms-container --><\/div><\/div><\/div>\n<\/div><\/div><\/div>\n\n\n\n<ul class=\"wp-block-social-links eplus-O61QiC is-style-logos-only is-layout-flex wp-block-social-links-is-layout-flex\"><li class=\"wp-social-link wp-social-link-facebook   eplus-9p2cs9 wp-block-social-link\"><a rel=\"noopener nofollow\" target=\"_blank\" href=\"https:\/\/facebook\/naturorel\" class=\"wp-block-social-link-anchor\"><svg width=\"24\" height=\"24\" viewBox=\"0 0 24 24\" version=\"1.1\" xmlns=\"http:\/\/www.w3.org\/2000\/svg\" aria-hidden=\"true\" focusable=\"false\"><path d=\"M12 2C6.5 2 2 6.5 2 12c0 5 3.7 9.1 8.4 9.9v-7H7.9V12h2.5V9.8c0-2.5 1.5-3.9 3.8-3.9 1.1 0 2.2.2 2.2.2v2.5h-1.3c-1.2 0-1.6.8-1.6 1.6V12h2.8l-.4 2.9h-2.3v7C18.3 21.1 22 17 22 12c0-5.5-4.5-10-10-10z\"><\/path><\/svg><span class=\"wp-block-social-link-label screen-reader-text\">Facebook<\/span><\/a><\/li>\n\n<li class=\"wp-social-link wp-social-link-twitter   eplus-voV2pw wp-block-social-link\"><a rel=\"noopener nofollow\" target=\"_blank\" href=\"https:\/\/twitter.com\/naturorel\" class=\"wp-block-social-link-anchor\"><svg width=\"24\" height=\"24\" viewBox=\"0 0 24 24\" version=\"1.1\" xmlns=\"http:\/\/www.w3.org\/2000\/svg\" aria-hidden=\"true\" focusable=\"false\"><path d=\"M22.23,5.924c-0.736,0.326-1.527,0.547-2.357,0.646c0.847-0.508,1.498-1.312,1.804-2.27 c-0.793,0.47-1.671,0.812-2.606,0.996C18.324,4.498,17.257,4,16.077,4c-2.266,0-4.103,1.837-4.103,4.103 c0,0.322,0.036,0.635,0.106,0.935C8.67,8.867,5.647,7.234,3.623,4.751C3.27,5.357,3.067,6.062,3.067,6.814 c0,1.424,0.724,2.679,1.825,3.415c-0.673-0.021-1.305-0.206-1.859-0.513c0,0.017,0,0.034,0,0.052c0,1.988,1.414,3.647,3.292,4.023 c-0.344,0.094-0.707,0.144-1.081,0.144c-0.264,0-0.521-0.026-0.772-0.074c0.522,1.63,2.038,2.816,3.833,2.85 c-1.404,1.1-3.174,1.756-5.096,1.756c-0.331,0-0.658-0.019-0.979-0.057c1.816,1.164,3.973,1.843,6.29,1.843 c7.547,0,11.675-6.252,11.675-11.675c0-0.178-0.004-0.355-0.012-0.531C20.985,7.47,21.68,6.747,22.23,5.924z\"><\/path><\/svg><span class=\"wp-block-social-link-label screen-reader-text\">Twitter<\/span><\/a><\/li>\n\n<li class=\"wp-social-link wp-social-link-instagram   eplus-vLw1Nz wp-block-social-link\"><a rel=\"noopener nofollow\" target=\"_blank\" href=\"https:\/\/instragram\/everaereaurelie\" class=\"wp-block-social-link-anchor\"><svg width=\"24\" height=\"24\" viewBox=\"0 0 24 24\" version=\"1.1\" xmlns=\"http:\/\/www.w3.org\/2000\/svg\" aria-hidden=\"true\" focusable=\"false\"><path d=\"M12,4.622c2.403,0,2.688,0.009,3.637,0.052c0.877,0.04,1.354,0.187,1.671,0.31c0.42,0.163,0.72,0.358,1.035,0.673 c0.315,0.315,0.51,0.615,0.673,1.035c0.123,0.317,0.27,0.794,0.31,1.671c0.043,0.949,0.052,1.234,0.052,3.637 s-0.009,2.688-0.052,3.637c-0.04,0.877-0.187,1.354-0.31,1.671c-0.163,0.42-0.358,0.72-0.673,1.035 c-0.315,0.315-0.615,0.51-1.035,0.673c-0.317,0.123-0.794,0.27-1.671,0.31c-0.949,0.043-1.233,0.052-3.637,0.052 s-2.688-0.009-3.637-0.052c-0.877-0.04-1.354-0.187-1.671-0.31c-0.42-0.163-0.72-0.358-1.035-0.673 c-0.315-0.315-0.51-0.615-0.673-1.035c-0.123-0.317-0.27-0.794-0.31-1.671C4.631,14.688,4.622,14.403,4.622,12 s0.009-2.688,0.052-3.637c0.04-0.877,0.187-1.354,0.31-1.671c0.163-0.42,0.358-0.72,0.673-1.035 c0.315-0.315,0.615-0.51,1.035-0.673c0.317-0.123,0.794-0.27,1.671-0.31C9.312,4.631,9.597,4.622,12,4.622 M12,3 C9.556,3,9.249,3.01,8.289,3.054C7.331,3.098,6.677,3.25,6.105,3.472C5.513,3.702,5.011,4.01,4.511,4.511 c-0.5,0.5-0.808,1.002-1.038,1.594C3.25,6.677,3.098,7.331,3.054,8.289C3.01,9.249,3,9.556,3,12c0,2.444,0.01,2.751,0.054,3.711 c0.044,0.958,0.196,1.612,0.418,2.185c0.23,0.592,0.538,1.094,1.038,1.594c0.5,0.5,1.002,0.808,1.594,1.038 c0.572,0.222,1.227,0.375,2.185,0.418C9.249,20.99,9.556,21,12,21s2.751-0.01,3.711-0.054c0.958-0.044,1.612-0.196,2.185-0.418 c0.592-0.23,1.094-0.538,1.594-1.038c0.5-0.5,0.808-1.002,1.038-1.594c0.222-0.572,0.375-1.227,0.418-2.185 C20.99,14.751,21,14.444,21,12s-0.01-2.751-0.054-3.711c-0.044-0.958-0.196-1.612-0.418-2.185c-0.23-0.592-0.538-1.094-1.038-1.594 c-0.5-0.5-1.002-0.808-1.594-1.038c-0.572-0.222-1.227-0.375-2.185-0.418C14.751,3.01,14.444,3,12,3L12,3z M12,7.378 c-2.552,0-4.622,2.069-4.622,4.622S9.448,16.622,12,16.622s4.622-2.069,4.622-4.622S14.552,7.378,12,7.378z M12,15 c-1.657,0-3-1.343-3-3s1.343-3,3-3s3,1.343,3,3S13.657,15,12,15z M16.804,6.116c-0.596,0-1.08,0.484-1.08,1.08 s0.484,1.08,1.08,1.08c0.596,0,1.08-0.484,1.08-1.08S17.401,6.116,16.804,6.116z\"><\/path><\/svg><span class=\"wp-block-social-link-label screen-reader-text\">Instagram<\/span><\/a><\/li>\n\n<\/ul>\n\n\n\n<p class=\"has-text-align-center eplus-aC8M07\">Chez Natur&#8217;Orel nous sommes toujours heureux de parler du bien-\u00eatre des collaborateurs<\/p>\n","protected":false},"excerpt":{"rendered":"<p>Contribuons au bien-\u00eatre de vos salari\u00e9s, contactez-nous ! Un renseignement ? un devis ? Travaillons ensemble pour accompagner vos salari\u00e9s dans les domaines de la sant\u00e9, de la pr\u00e9vention et du bien-\u00eatre au travail ! &hellip; <\/p>\n","protected":false},"author":1,"featured_media":0,"parent":0,"menu_order":0,"comment_status":"closed","ping_status":"closed","template":"redux-templates_contained","meta":{"editor_plus_copied_stylings":"{}","kk_blocks_editor_width":"","_kiokenblocks_attr":"","_kiokenblocks_dimensions":"","footnotes":""},"class_list":["post-1474","page","type-page","status-publish","hentry","latest_post"],"yoast_head":"<!-- This site is optimized with the Yoast SEO plugin v27.5 - https:\/\/yoast.com\/product\/yoast-seo-wordpress\/ -->\n<title>Contact - Entreprises - ACCOMPAGNEMENT SANT\u00c9, PR\u00c9VENTION ET BIEN-\u00caTRE AU TRAVAIL<\/title>\n<meta name=\"robots\" content=\"index, follow, max-snippet:-1, max-image-preview:large, max-video-preview:-1\" \/>\n<link rel=\"canonical\" href=\"https:\/\/naturorel.fr\/sante-bien-etre-au-travail\/contact-entreprise\/\" \/>\n<meta property=\"og:locale\" content=\"fr_FR\" \/>\n<meta property=\"og:type\" content=\"article\" \/>\n<meta property=\"og:title\" content=\"Contact - Entreprises - ACCOMPAGNEMENT SANT\u00c9, PR\u00c9VENTION ET BIEN-\u00caTRE AU TRAVAIL\" \/>\n<meta property=\"og:description\" content=\"Contribuons au bien-\u00eatre de vos salari\u00e9s, contactez-nous ! Un renseignement ? un devis ? Travaillons ensemble pour accompagner vos salari\u00e9s dans les domaines de la sant\u00e9, de la pr\u00e9vention et du bien-\u00eatre au travail ! &hellip;\" \/>\n<meta property=\"og:url\" content=\"https:\/\/naturorel.fr\/sante-bien-etre-au-travail\/contact-entreprise\/\" \/>\n<meta property=\"og:site_name\" content=\"ACCOMPAGNEMENT SANT\u00c9, PR\u00c9VENTION ET BIEN-\u00caTRE AU TRAVAIL\" \/>\n<meta property=\"article:publisher\" content=\"https:\/\/www.facebook.com\/NaturOrel\" \/>\n<meta property=\"article:modified_time\" content=\"2021-10-31T12:00:49+00:00\" \/>\n<meta property=\"og:image\" content=\"https:\/\/naturorel.fr\/sante-bien-etre-au-travail\/wp-content\/uploads\/2021\/10\/gratuit-long-0_805_950_915-degrade.png\" \/>\n<meta name=\"twitter:card\" content=\"summary_large_image\" \/>\n<meta name=\"twitter:site\" content=\"@naturorel\" \/>\n<meta name=\"twitter:label1\" content=\"Dur\u00e9e de lecture estim\u00e9e\" \/>\n\t<meta name=\"twitter:data1\" content=\"1 minute\" \/>\n<script type=\"application\/ld+json\" class=\"yoast-schema-graph\">{\"@context\":\"https:\\\/\\\/schema.org\",\"@graph\":[{\"@type\":\"WebPage\",\"@id\":\"https:\\\/\\\/naturorel.fr\\\/sante-bien-etre-au-travail\\\/contact-entreprise\\\/\",\"url\":\"https:\\\/\\\/naturorel.fr\\\/sante-bien-etre-au-travail\\\/contact-entreprise\\\/\",\"name\":\"Contact - Entreprises - ACCOMPAGNEMENT SANT\u00c9, PR\u00c9VENTION ET BIEN-\u00caTRE AU TRAVAIL\",\"isPartOf\":{\"@id\":\"https:\\\/\\\/naturorel.fr\\\/sante-bien-etre-au-travail\\\/#website\"},\"primaryImageOfPage\":{\"@id\":\"https:\\\/\\\/naturorel.fr\\\/sante-bien-etre-au-travail\\\/contact-entreprise\\\/#primaryimage\"},\"image\":{\"@id\":\"https:\\\/\\\/naturorel.fr\\\/sante-bien-etre-au-travail\\\/contact-entreprise\\\/#primaryimage\"},\"thumbnailUrl\":\"https:\\\/\\\/naturorel.fr\\\/sante-bien-etre-au-travail\\\/wp-content\\\/uploads\\\/2021\\\/10\\\/gratuit-long-0_805_950_915-degrade.png\",\"datePublished\":\"2021-10-04T19:54:10+00:00\",\"dateModified\":\"2021-10-31T12:00:49+00:00\",\"breadcrumb\":{\"@id\":\"https:\\\/\\\/naturorel.fr\\\/sante-bien-etre-au-travail\\\/contact-entreprise\\\/#breadcrumb\"},\"inLanguage\":\"fr-FR\",\"potentialAction\":[{\"@type\":\"ReadAction\",\"target\":[\"https:\\\/\\\/naturorel.fr\\\/sante-bien-etre-au-travail\\\/contact-entreprise\\\/\"]}]},{\"@type\":\"ImageObject\",\"inLanguage\":\"fr-FR\",\"@id\":\"https:\\\/\\\/naturorel.fr\\\/sante-bien-etre-au-travail\\\/contact-entreprise\\\/#primaryimage\",\"url\":\"https:\\\/\\\/naturorel.fr\\\/sante-bien-etre-au-travail\\\/wp-content\\\/uploads\\\/2021\\\/10\\\/gratuit-long-0_805_950_915-degrade.png\",\"contentUrl\":\"https:\\\/\\\/naturorel.fr\\\/sante-bien-etre-au-travail\\\/wp-content\\\/uploads\\\/2021\\\/10\\\/gratuit-long-0_805_950_915-degrade.png\",\"width\":645,\"height\":93},{\"@type\":\"BreadcrumbList\",\"@id\":\"https:\\\/\\\/naturorel.fr\\\/sante-bien-etre-au-travail\\\/contact-entreprise\\\/#breadcrumb\",\"itemListElement\":[{\"@type\":\"ListItem\",\"position\":1,\"name\":\"Accueil\",\"item\":\"https:\\\/\\\/naturorel.fr\\\/sante-bien-etre-au-travail\\\/\"},{\"@type\":\"ListItem\",\"position\":2,\"name\":\"Contact &#8211; Entreprises\"}]},{\"@type\":\"WebSite\",\"@id\":\"https:\\\/\\\/naturorel.fr\\\/sante-bien-etre-au-travail\\\/#website\",\"url\":\"https:\\\/\\\/naturorel.fr\\\/sante-bien-etre-au-travail\\\/\",\"name\":\"ACCOMPAGNEMENT SANT\u00c9, PR\u00c9VENTION ET BIEN-\u00caTRE AU TRAVAIL\",\"description\":\"\",\"publisher\":{\"@id\":\"https:\\\/\\\/naturorel.fr\\\/sante-bien-etre-au-travail\\\/#organization\"},\"potentialAction\":[{\"@type\":\"SearchAction\",\"target\":{\"@type\":\"EntryPoint\",\"urlTemplate\":\"https:\\\/\\\/naturorel.fr\\\/sante-bien-etre-au-travail\\\/?s={search_term_string}\"},\"query-input\":{\"@type\":\"PropertyValueSpecification\",\"valueRequired\":true,\"valueName\":\"search_term_string\"}}],\"inLanguage\":\"fr-FR\"},{\"@type\":\"Organization\",\"@id\":\"https:\\\/\\\/naturorel.fr\\\/sante-bien-etre-au-travail\\\/#organization\",\"name\":\"NaturOrel\",\"url\":\"https:\\\/\\\/naturorel.fr\\\/sante-bien-etre-au-travail\\\/\",\"logo\":{\"@type\":\"ImageObject\",\"inLanguage\":\"fr-FR\",\"@id\":\"https:\\\/\\\/naturorel.fr\\\/sante-bien-etre-au-travail\\\/#\\\/schema\\\/logo\\\/image\\\/\",\"url\":\"https:\\\/\\\/qvt.naturorel.fr\\\/wp-content\\\/uploads\\\/2021\\\/08\\\/cropped-Natur-Orel-logo.png\",\"contentUrl\":\"https:\\\/\\\/qvt.naturorel.fr\\\/wp-content\\\/uploads\\\/2021\\\/08\\\/cropped-Natur-Orel-logo.png\",\"width\":1917,\"height\":1777,\"caption\":\"NaturOrel\"},\"image\":{\"@id\":\"https:\\\/\\\/naturorel.fr\\\/sante-bien-etre-au-travail\\\/#\\\/schema\\\/logo\\\/image\\\/\"},\"sameAs\":[\"https:\\\/\\\/www.facebook.com\\\/NaturOrel\",\"https:\\\/\\\/x.com\\\/naturorel\",\"https:\\\/\\\/fr.linkedin.com\\\/in\\\/aur\u00e9lie-everaere-natur\u2019orel\"]}]}<\/script>\n<!-- \/ Yoast SEO plugin. -->","yoast_head_json":{"title":"Contact - Entreprises - ACCOMPAGNEMENT SANT\u00c9, PR\u00c9VENTION ET BIEN-\u00caTRE AU TRAVAIL","robots":{"index":"index","follow":"follow","max-snippet":"max-snippet:-1","max-image-preview":"max-image-preview:large","max-video-preview":"max-video-preview:-1"},"canonical":"https:\/\/naturorel.fr\/sante-bien-etre-au-travail\/contact-entreprise\/","og_locale":"fr_FR","og_type":"article","og_title":"Contact - Entreprises - ACCOMPAGNEMENT SANT\u00c9, PR\u00c9VENTION ET BIEN-\u00caTRE AU TRAVAIL","og_description":"Contribuons au bien-\u00eatre de vos salari\u00e9s, contactez-nous ! Un renseignement ? un devis ? Travaillons ensemble pour accompagner vos salari\u00e9s dans les domaines de la sant\u00e9, de la pr\u00e9vention et du bien-\u00eatre au travail ! &hellip;","og_url":"https:\/\/naturorel.fr\/sante-bien-etre-au-travail\/contact-entreprise\/","og_site_name":"ACCOMPAGNEMENT SANT\u00c9, PR\u00c9VENTION ET BIEN-\u00caTRE AU TRAVAIL","article_publisher":"https:\/\/www.facebook.com\/NaturOrel","article_modified_time":"2021-10-31T12:00:49+00:00","og_image":[{"url":"https:\/\/naturorel.fr\/sante-bien-etre-au-travail\/wp-content\/uploads\/2021\/10\/gratuit-long-0_805_950_915-degrade.png","type":"","width":"","height":""}],"twitter_card":"summary_large_image","twitter_site":"@naturorel","twitter_misc":{"Dur\u00e9e de lecture estim\u00e9e":"1 minute"},"schema":{"@context":"https:\/\/schema.org","@graph":[{"@type":"WebPage","@id":"https:\/\/naturorel.fr\/sante-bien-etre-au-travail\/contact-entreprise\/","url":"https:\/\/naturorel.fr\/sante-bien-etre-au-travail\/contact-entreprise\/","name":"Contact - Entreprises - ACCOMPAGNEMENT SANT\u00c9, PR\u00c9VENTION ET BIEN-\u00caTRE AU TRAVAIL","isPartOf":{"@id":"https:\/\/naturorel.fr\/sante-bien-etre-au-travail\/#website"},"primaryImageOfPage":{"@id":"https:\/\/naturorel.fr\/sante-bien-etre-au-travail\/contact-entreprise\/#primaryimage"},"image":{"@id":"https:\/\/naturorel.fr\/sante-bien-etre-au-travail\/contact-entreprise\/#primaryimage"},"thumbnailUrl":"https:\/\/naturorel.fr\/sante-bien-etre-au-travail\/wp-content\/uploads\/2021\/10\/gratuit-long-0_805_950_915-degrade.png","datePublished":"2021-10-04T19:54:10+00:00","dateModified":"2021-10-31T12:00:49+00:00","breadcrumb":{"@id":"https:\/\/naturorel.fr\/sante-bien-etre-au-travail\/contact-entreprise\/#breadcrumb"},"inLanguage":"fr-FR","potentialAction":[{"@type":"ReadAction","target":["https:\/\/naturorel.fr\/sante-bien-etre-au-travail\/contact-entreprise\/"]}]},{"@type":"ImageObject","inLanguage":"fr-FR","@id":"https:\/\/naturorel.fr\/sante-bien-etre-au-travail\/contact-entreprise\/#primaryimage","url":"https:\/\/naturorel.fr\/sante-bien-etre-au-travail\/wp-content\/uploads\/2021\/10\/gratuit-long-0_805_950_915-degrade.png","contentUrl":"https:\/\/naturorel.fr\/sante-bien-etre-au-travail\/wp-content\/uploads\/2021\/10\/gratuit-long-0_805_950_915-degrade.png","width":645,"height":93},{"@type":"BreadcrumbList","@id":"https:\/\/naturorel.fr\/sante-bien-etre-au-travail\/contact-entreprise\/#breadcrumb","itemListElement":[{"@type":"ListItem","position":1,"name":"Accueil","item":"https:\/\/naturorel.fr\/sante-bien-etre-au-travail\/"},{"@type":"ListItem","position":2,"name":"Contact &#8211; Entreprises"}]},{"@type":"WebSite","@id":"https:\/\/naturorel.fr\/sante-bien-etre-au-travail\/#website","url":"https:\/\/naturorel.fr\/sante-bien-etre-au-travail\/","name":"ACCOMPAGNEMENT SANT\u00c9, PR\u00c9VENTION ET BIEN-\u00caTRE AU TRAVAIL","description":"","publisher":{"@id":"https:\/\/naturorel.fr\/sante-bien-etre-au-travail\/#organization"},"potentialAction":[{"@type":"SearchAction","target":{"@type":"EntryPoint","urlTemplate":"https:\/\/naturorel.fr\/sante-bien-etre-au-travail\/?s={search_term_string}"},"query-input":{"@type":"PropertyValueSpecification","valueRequired":true,"valueName":"search_term_string"}}],"inLanguage":"fr-FR"},{"@type":"Organization","@id":"https:\/\/naturorel.fr\/sante-bien-etre-au-travail\/#organization","name":"NaturOrel","url":"https:\/\/naturorel.fr\/sante-bien-etre-au-travail\/","logo":{"@type":"ImageObject","inLanguage":"fr-FR","@id":"https:\/\/naturorel.fr\/sante-bien-etre-au-travail\/#\/schema\/logo\/image\/","url":"https:\/\/qvt.naturorel.fr\/wp-content\/uploads\/2021\/08\/cropped-Natur-Orel-logo.png","contentUrl":"https:\/\/qvt.naturorel.fr\/wp-content\/uploads\/2021\/08\/cropped-Natur-Orel-logo.png","width":1917,"height":1777,"caption":"NaturOrel"},"image":{"@id":"https:\/\/naturorel.fr\/sante-bien-etre-au-travail\/#\/schema\/logo\/image\/"},"sameAs":["https:\/\/www.facebook.com\/NaturOrel","https:\/\/x.com\/naturorel","https:\/\/fr.linkedin.com\/in\/aur\u00e9lie-everaere-natur\u2019orel"]}]}},"_links":{"self":[{"href":"https:\/\/naturorel.fr\/sante-bien-etre-au-travail\/wp-json\/wp\/v2\/pages\/1474","targetHints":{"allow":["GET"]}}],"collection":[{"href":"https:\/\/naturorel.fr\/sante-bien-etre-au-travail\/wp-json\/wp\/v2\/pages"}],"about":[{"href":"https:\/\/naturorel.fr\/sante-bien-etre-au-travail\/wp-json\/wp\/v2\/types\/page"}],"author":[{"embeddable":true,"href":"https:\/\/naturorel.fr\/sante-bien-etre-au-travail\/wp-json\/wp\/v2\/users\/1"}],"replies":[{"embeddable":true,"href":"https:\/\/naturorel.fr\/sante-bien-etre-au-travail\/wp-json\/wp\/v2\/comments?post=1474"}],"version-history":[{"count":19,"href":"https:\/\/naturorel.fr\/sante-bien-etre-au-travail\/wp-json\/wp\/v2\/pages\/1474\/revisions"}],"predecessor-version":[{"id":1689,"href":"https:\/\/naturorel.fr\/sante-bien-etre-au-travail\/wp-json\/wp\/v2\/pages\/1474\/revisions\/1689"}],"wp:attachment":[{"href":"https:\/\/naturorel.fr\/sante-bien-etre-au-travail\/wp-json\/wp\/v2\/media?parent=1474"}],"curies":[{"name":"wp","href":"https:\/\/api.w.org\/{rel}","templated":true}]}}