{"id":1547,"date":"2021-10-06T18:15:27","date_gmt":"2021-10-06T18:15:27","guid":{"rendered":"https:\/\/qvt.naturorel.fr\/?page_id=1547"},"modified":"2021-10-06T20:42:19","modified_gmt":"2021-10-06T20:42:19","slug":"lumino-therapie-entreprise","status":"publish","type":"page","link":"https:\/\/naturorel.fr\/sante-bien-etre-au-travail\/lumino-therapie-entreprise\/","title":{"rendered":"Lumino-Th\u00e9rapie Technologie PSiO"},"content":{"rendered":"\n<div class=\"wp-block-media-text alignwide is-stacked-on-mobile eplus-rcZrSJ\"><figure class=\"wp-block-media-text__media\"><img fetchpriority=\"high\" decoding=\"async\" width=\"549\" height=\"272\" src=\"https:\/\/qvt.naturorel.fr\/wp-content\/uploads\/2021\/10\/natuorel-offre-entreprise-psio.jpg\" alt=\"\" class=\"wp-image-1549 size-full\" srcset=\"https:\/\/naturorel.fr\/sante-bien-etre-au-travail\/wp-content\/uploads\/2021\/10\/natuorel-offre-entreprise-psio.jpg 549w, https:\/\/naturorel.fr\/sante-bien-etre-au-travail\/wp-content\/uploads\/2021\/10\/natuorel-offre-entreprise-psio-300x149.jpg 300w, https:\/\/naturorel.fr\/sante-bien-etre-au-travail\/wp-content\/uploads\/2021\/10\/natuorel-offre-entreprise-psio-121x60.jpg 121w\" sizes=\"(max-width: 549px) 100vw, 549px\" \/><\/figure><div class=\"wp-block-media-text__content\">\n<p class=\"eplus-l2qKdN\">Nous proposons des ateliers de <strong>lumino th\u00e9rapie en entreprise<\/strong> : atelier individuel ou collectif.<\/p>\n\n\n\n<p class=\"eplus-RvN7vP\"><strong>Les s\u00e9ances sont encadr\u00e9es par une personne dipl\u00f4m\u00e9e.<\/strong><\/p>\n\n\n\n<p class=\"eplus-5AM9rN\">Cette technologie combine <strong>la lumino &amp; la relaxation  <\/strong><\/p>\n<\/div><\/div>\n\n\n\n<h1 class=\"has-text-align-left eplus-3Xirzo wp-block-heading\"><strong>Qu\u2019est ce que la technologie PSiO ?<\/strong><\/h1>\n\n\n\n<div class=\"wp-block-group eplus-XKA0wo\"><div class=\"wp-block-group__inner-container is-layout-flow wp-block-group-is-layout-flow\">\n<p class=\"eplus-3thmwi\">\u00c9quip\u00e9 d&#8217;un lecteur MP3, le PSiO combine de la musique ou de la relaxation par la voix avec la stimulation par la lumi\u00e8re<\/p>\n\n\n\n<p class=\"eplus-DLKkAk\">La technologie PSiO offre une solution innovante, simple et efficace pour retrouver le bien-\u00eatre<\/p>\n\n\n\n<p class=\"eplus-V36lB0\">En fonction du moment de la journ\u00e9e et du besoin, les s\u00e9ances sont adapt\u00e9es en termes de rythmes, de couleurs et \u00e9ventuellement de messages relaxants<\/p>\n\n\n\n<p class=\"eplus-6uLhTp\"><strong>S\u00e9ances du matin (visions positives)<\/strong> :<\/p>\n\n\n\n<p class=\"eplus-4aZQ2Y\">Elles permettent de se r\u00e9veiller plus efficacement gr\u00e2ce \u00e0 la lumi\u00e8re et de commencer la journ\u00e9e en pleine forme gr\u00e2ce \u00e0 la visualisation positive pratiqu\u00e9e avec votre PSiO.<\/p>\n\n\n\n<p class=\"eplus-M3gqd4\"><strong>S\u00e9ances de l&#8217;apr\u00e8s-midi (musiques)<\/strong> :<\/p>\n\n\n\n<p class=\"eplus-JykKFC\">V\u00e9ritables turbo-siestes, elles permettent un break r\u00e9cup\u00e9rateur en musique tout en stimulant l&#8217;esprit. R\u00e9sultat : \u00e9nergisant !<\/p>\n<\/div><\/div>\n\n\n\n<p class=\"eplus-759M3L\">Le corps se rel\u00e2che gr\u00e2ce des exercices de respiration et l\u2019esprit entre progressivement dans un \u00e9tat de calme<\/p>\n\n\n\n<h2 class=\"eplus-bDfDaW wp-block-heading\"> <strong>L\u2019int\u00e9r\u00eat pour vos \u00e9quipes <\/strong>:<\/h2>\n\n\n\n<p class=\"eplus-Ogh1UR\">La personne, au bord du sommeil mais consciente, se laisse guider vers un \u00e9tat hautement r\u00e9g\u00e9n\u00e9rateur<\/p>\n\n\n\n<p class=\"eplus-qmFkGW\">Psio permet de&nbsp;:<\/p>\n\n\n<ul class=\"eplus-ZyvOo9 wp-block-list eplus-styles-uid-4d7b85\"><li>Mieux respirer<\/li><li>Apprendre \u00e0 l\u00e2cher prise<\/li><li>G\u00e9rer son calme en cas de stress \u00e9motionnel<\/li><li>Se d\u00e9tendre<\/li><li>Am\u00e9liorer la qualit\u00e9 de sommeil<\/li><li>Retrouver bien-\u00eatre et s\u00e9r\u00e9nit\u00e9 au quotidien<\/li><\/ul>\n\n\n<h3 class=\"eplus-8Jmue9 wp-block-heading\"><strong>En pratique, comment se d\u00e9roule une s\u00e9ance de en entreprise :<\/strong><\/h3>\n\n\n\n<p class=\"eplus-ZbFqzN\">Nous ajustons les <strong>s\u00e9ances <\/strong>\u00e0 vos horaires de <strong>travail en entreprise<\/strong>. Ces <strong>activit\u00e9s <\/strong>peuvent animer vos <strong>s\u00e9minaires <\/strong>ou int\u00e9grer de fa\u00e7on r\u00e9guli\u00e8re votre entreprise dans le cadre de votre politique bien-\u00eatre.<\/p>\n\n\n<ul class=\"eplus-SQbOZX wp-block-list eplus-styles-uid-65f70a\"><li><strong>Groupe de 5 personnes maximum<\/strong><\/li><li><strong>S\u00e9ances de 30 minutes environ<\/strong><\/li><li><strong>Atelier accessible \u00e0 tous<\/strong><\/li><li><strong>Mat\u00e9riel fourni<\/strong><\/li><\/ul>\n\n\n<p class=\"eplus-kqpn0e\">Ces s\u00e9ances de<strong> lumino-th\u00e9rapie en entreprise<\/strong> peuvent se d\u00e9rouler sur Paris, Lille,  Arras, Lens, Amiens et sur l\u2019ensemble de la r\u00e9gion Haut de France, r\u00e9gion Parisienne. Autre r\u00e9gion\/ville sur demande.<\/p>\n\n\n\n<h3 class=\"eplus-ivt1yM wp-block-heading\">Utilisation sans danger :<\/h3>\n\n\n\n<p class=\"eplus-sbHcgP\">A l&#8217;inverse des m\u00e9dicaments, cette m\u00e9thode a prouv\u00e9 apr\u00e8s 20 ans de pratique qu&#8217;il n&#8217;y a aucun effet secondaire. PSiO a d&#8217;ailleurs obtenu le certificat d&#8217;innocuit\u00e9 totale pour les yeux par le Laboratoire National Fran\u00e7ais de mesure (LNE).<\/p>\n\n\n\n<p class=\"eplus-lTumws\">Le PSiO a obtenu les certificats CE et FCC (aucune \u00e9mission d&#8217;ondes \u00e9lectromagn\u00e9tiques).<\/p>\n\n\n<div class=\"wp-block-columns eplus-xYPa0o is-layout-flex wp-container-core-columns-is-layout-9d6595d7 wp-block-columns-is-layout-flex eplus-styles-uid-250176\"><div class=\"wp-block-column eplus-7mmHV7 has-text-color is-layout-flow wp-block-column-is-layout-flow eplus-styles-uid-f0907b\" style=\"color:#21323a\"><h5 class=\"has-text-align-center eplus-4f83x4 has-black-color has-text-color wp-block-heading eplus-styles-uid-ccfd20\"><strong>Demandez votre devis lumino-th\u00e9rapie et contribuons ensemble au bien-\u00eatre de vos collaborateurs<\/strong><\/h5>\n\n<div class=\"wpforms-container wpforms-container-full wpforms-block\" id=\"wpforms-1562\"><form id=\"wpforms-form-1562\" class=\"wpforms-validate wpforms-form wpforms-ajax-form\" data-formid=\"1562\" method=\"post\" enctype=\"multipart\/form-data\" action=\"\/sante-bien-etre-au-travail\/wp-json\/wp\/v2\/pages\/1547\" data-token=\"2c643437a2dc2bbb02d3e47a1113cb0c\" data-token-time=\"1775687052\"><noscript class=\"wpforms-error-noscript\">Veuillez activer JavaScript dans votre navigateur pour remplir ce formulaire.<\/noscript><div class=\"wpforms-field-container\"><div id=\"wpforms-1562-field_14-container\" class=\"wpforms-field wpforms-field-number\" data-field-id=\"14\"><label class=\"wpforms-field-label\" for=\"wpforms-1562-field_14\">Nombre de participants approximatif<\/label><input type=\"number\" id=\"wpforms-1562-field_14\" class=\"wpforms-field-small\" name=\"wpforms[fields][14]\" step=\"any\"><\/div><div id=\"wpforms-1562-field_12-container\" class=\"wpforms-field wpforms-field-name\" data-field-id=\"12\"><label class=\"wpforms-field-label wpforms-label-hide\" for=\"wpforms-1562-field_12\">Entreprise <span class=\"wpforms-required-label\">*<\/span><\/label><input type=\"text\" id=\"wpforms-1562-field_12\" class=\"wpforms-field-medium wpforms-field-required\" name=\"wpforms[fields][12]\" placeholder=\"Entreprise*\" required><\/div><div id=\"wpforms-1562-field_0-container\" class=\"wpforms-field wpforms-field-name\" data-field-id=\"0\"><label class=\"wpforms-field-label wpforms-label-hide\" for=\"wpforms-1562-field_0\">Name <span class=\"wpforms-required-label\">*<\/span><\/label><div class=\"wpforms-field-row wpforms-field-medium\"><div class=\"wpforms-field-row-block wpforms-first wpforms-one-half\"><input type=\"text\" id=\"wpforms-1562-field_0\" class=\"wpforms-field-name-first wpforms-field-required\" name=\"wpforms[fields][0][first]\" placeholder=\"Pr\u00e9nom*\" required><label for=\"wpforms-1562-field_0\" class=\"wpforms-field-sublabel after wpforms-sublabel-hide\">Pr\u00e9nom<\/label><\/div><div class=\"wpforms-field-row-block wpforms-one-half\"><input type=\"text\" id=\"wpforms-1562-field_0-last\" class=\"wpforms-field-name-last wpforms-field-required\" name=\"wpforms[fields][0][last]\" placeholder=\"Nom*\" required><label for=\"wpforms-1562-field_0-last\" class=\"wpforms-field-sublabel after wpforms-sublabel-hide\">Nom<\/label><\/div><\/div><\/div><div id=\"wpforms-1562-field_1-container\" class=\"wpforms-field wpforms-field-email\" data-field-id=\"1\"><label class=\"wpforms-field-label wpforms-label-hide\" for=\"wpforms-1562-field_1\">Email <span class=\"wpforms-required-label\">*<\/span><\/label><input type=\"email\" id=\"wpforms-1562-field_1\" class=\"wpforms-field-medium wpforms-field-required\" name=\"wpforms[fields][1]\" placeholder=\"Email*\" spellcheck=\"false\" required><\/div><div id=\"wpforms-1562-field_13-container\" class=\"wpforms-field wpforms-field-text\" data-field-id=\"13\"><label class=\"wpforms-field-label wpforms-label-hide\" for=\"wpforms-1562-field_13\">T\u00e9l\u00e9phone<\/label><input type=\"text\" id=\"wpforms-1562-field_13\" class=\"wpforms-field-small wpforms-masked-input wpforms-limit-characters-enabled\" data-rule-inputmask-incomplete=\"1\" data-inputmask-mask=\"0000000000\" data-form-id=\"1562\" data-field-id=\"13\" data-text-limit=\"10\" name=\"wpforms[fields][13]\" placeholder=\"T\u00e9l\u00e9phone\" maxlength=\"10\"><\/div><div id=\"wpforms-1562-field_3-container\" class=\"wpforms-field wpforms-field-textarea\" data-field-id=\"3\"><label class=\"wpforms-field-label\" for=\"wpforms-1562-field_3\">Informations compl\u00e9mentaires<\/label><textarea id=\"wpforms-1562-field_3\" class=\"wpforms-field-medium\" name=\"wpforms[fields][3]\"><\/textarea><\/div><\/div><!-- .wpforms-field-container --><div class=\"wpforms-submit-container\"><input type=\"hidden\" name=\"wpforms[id]\" value=\"1562\"><input type=\"hidden\" name=\"page_title\" value=\"\"><input type=\"hidden\" name=\"page_url\" value=\"https:\/\/naturorel.fr\/sante-bien-etre-au-travail\/wp-json\/wp\/v2\/pages\/1547\"><input type=\"hidden\" name=\"url_referer\" value=\"\"><button type=\"submit\" name=\"wpforms[submit]\" id=\"wpforms-submit-1562\" class=\"wpforms-submit btn-readmorehover\" data-alt-text=\"Sending...\" data-submit-text=\"Je demande mon devis...\" aria-live=\"assertive\" value=\"wpforms-submit\">Je demande mon devis&#8230;<\/button><img decoding=\"async\" src=\"https:\/\/naturorel.fr\/sante-bien-etre-au-travail\/wp-content\/plugins\/wpforms-lite\/assets\/images\/submit-spin.svg\" class=\"wpforms-submit-spinner\" style=\"display: none;\" width=\"26\" height=\"26\" alt=\"Chargement en cours\"><\/div><\/form><\/div>  <!-- .wpforms-container -->\n\n\n<figure class=\"wp-block-image size-full eplus-w879o2 is-style-default\"><img decoding=\"async\" width=\"645\" height=\"93\" src=\"https:\/\/qvt.naturorel.fr\/wp-content\/uploads\/2021\/10\/gratuit-long-0_805_950_915-degrade.png\" alt=\"\" class=\"wp-image-1359\" srcset=\"https:\/\/naturorel.fr\/sante-bien-etre-au-travail\/wp-content\/uploads\/2021\/10\/gratuit-long-0_805_950_915-degrade.png 645w, https:\/\/naturorel.fr\/sante-bien-etre-au-travail\/wp-content\/uploads\/2021\/10\/gratuit-long-0_805_950_915-degrade-300x43.png 300w, https:\/\/naturorel.fr\/sante-bien-etre-au-travail\/wp-content\/uploads\/2021\/10\/gratuit-long-0_805_950_915-degrade-416x60.png 416w\" sizes=\"(max-width: 645px) 100vw, 645px\" \/><\/figure>\n<\/div><\/div>","protected":false},"excerpt":{"rendered":"<p>Nous proposons des ateliers de lumino th\u00e9rapie en entreprise : atelier individuel ou collectif. Les s\u00e9ances sont encadr\u00e9es par une personne dipl\u00f4m\u00e9e. Cette technologie combine la lumino &amp; la relaxation Qu\u2019est ce que la technologie &hellip; <\/p>\n","protected":false},"author":1,"featured_media":0,"parent":0,"menu_order":0,"comment_status":"closed","ping_status":"closed","template":"redux-templates_full_width","meta":{"editor_plus_copied_stylings":"{}","kk_blocks_editor_width":"","_kiokenblocks_attr":"","_kiokenblocks_dimensions":"","footnotes":""},"class_list":["post-1547","page","type-page","status-publish","hentry","latest_post"],"yoast_head":"<!-- This site is optimized with the Yoast SEO plugin v27.3 - https:\/\/yoast.com\/product\/yoast-seo-wordpress\/ -->\n<title>Lumino-Th\u00e9rapie Technologie PSiO - ACCOMPAGNEMENT SANT\u00c9, PR\u00c9VENTION ET BIEN-\u00caTRE AU TRAVAIL<\/title>\n<meta name=\"robots\" content=\"index, follow, max-snippet:-1, max-image-preview:large, max-video-preview:-1\" \/>\n<link rel=\"canonical\" href=\"https:\/\/naturorel.fr\/sante-bien-etre-au-travail\/lumino-therapie-entreprise\/\" \/>\n<meta property=\"og:locale\" content=\"fr_FR\" \/>\n<meta property=\"og:type\" content=\"article\" \/>\n<meta property=\"og:title\" content=\"Lumino-Th\u00e9rapie Technologie PSiO - ACCOMPAGNEMENT SANT\u00c9, PR\u00c9VENTION ET BIEN-\u00caTRE AU TRAVAIL\" \/>\n<meta property=\"og:description\" content=\"Nous proposons des ateliers de lumino th\u00e9rapie en entreprise : atelier individuel ou collectif. Les s\u00e9ances sont encadr\u00e9es par une personne dipl\u00f4m\u00e9e. Cette technologie combine la lumino &amp; la relaxation Qu\u2019est ce que la technologie &hellip;\" \/>\n<meta property=\"og:url\" content=\"https:\/\/naturorel.fr\/sante-bien-etre-au-travail\/lumino-therapie-entreprise\/\" \/>\n<meta property=\"og:site_name\" content=\"ACCOMPAGNEMENT SANT\u00c9, PR\u00c9VENTION ET BIEN-\u00caTRE AU TRAVAIL\" \/>\n<meta property=\"article:publisher\" content=\"https:\/\/www.facebook.com\/NaturOrel\" \/>\n<meta property=\"article:modified_time\" content=\"2021-10-06T20:42:19+00:00\" \/>\n<meta property=\"og:image\" content=\"https:\/\/qvt.naturorel.fr\/wp-content\/uploads\/2021\/10\/natuorel-offre-entreprise-psio.jpg\" \/>\n<meta name=\"twitter:card\" content=\"summary_large_image\" \/>\n<meta name=\"twitter:site\" content=\"@naturorel\" \/>\n<meta name=\"twitter:label1\" content=\"Dur\u00e9e de lecture estim\u00e9e\" \/>\n\t<meta name=\"twitter:data1\" content=\"2 minutes\" \/>\n<script type=\"application\/ld+json\" class=\"yoast-schema-graph\">{\"@context\":\"https:\\\/\\\/schema.org\",\"@graph\":[{\"@type\":\"WebPage\",\"@id\":\"https:\\\/\\\/naturorel.fr\\\/sante-bien-etre-au-travail\\\/lumino-therapie-entreprise\\\/\",\"url\":\"https:\\\/\\\/naturorel.fr\\\/sante-bien-etre-au-travail\\\/lumino-therapie-entreprise\\\/\",\"name\":\"Lumino-Th\u00e9rapie Technologie PSiO - ACCOMPAGNEMENT SANT\u00c9, PR\u00c9VENTION ET BIEN-\u00caTRE AU TRAVAIL\",\"isPartOf\":{\"@id\":\"https:\\\/\\\/naturorel.fr\\\/sante-bien-etre-au-travail\\\/#website\"},\"primaryImageOfPage\":{\"@id\":\"https:\\\/\\\/naturorel.fr\\\/sante-bien-etre-au-travail\\\/lumino-therapie-entreprise\\\/#primaryimage\"},\"image\":{\"@id\":\"https:\\\/\\\/naturorel.fr\\\/sante-bien-etre-au-travail\\\/lumino-therapie-entreprise\\\/#primaryimage\"},\"thumbnailUrl\":\"https:\\\/\\\/qvt.naturorel.fr\\\/wp-content\\\/uploads\\\/2021\\\/10\\\/natuorel-offre-entreprise-psio.jpg\",\"datePublished\":\"2021-10-06T18:15:27+00:00\",\"dateModified\":\"2021-10-06T20:42:19+00:00\",\"breadcrumb\":{\"@id\":\"https:\\\/\\\/naturorel.fr\\\/sante-bien-etre-au-travail\\\/lumino-therapie-entreprise\\\/#breadcrumb\"},\"inLanguage\":\"fr-FR\",\"potentialAction\":[{\"@type\":\"ReadAction\",\"target\":[\"https:\\\/\\\/naturorel.fr\\\/sante-bien-etre-au-travail\\\/lumino-therapie-entreprise\\\/\"]}]},{\"@type\":\"ImageObject\",\"inLanguage\":\"fr-FR\",\"@id\":\"https:\\\/\\\/naturorel.fr\\\/sante-bien-etre-au-travail\\\/lumino-therapie-entreprise\\\/#primaryimage\",\"url\":\"https:\\\/\\\/qvt.naturorel.fr\\\/wp-content\\\/uploads\\\/2021\\\/10\\\/natuorel-offre-entreprise-psio.jpg\",\"contentUrl\":\"https:\\\/\\\/qvt.naturorel.fr\\\/wp-content\\\/uploads\\\/2021\\\/10\\\/natuorel-offre-entreprise-psio.jpg\"},{\"@type\":\"BreadcrumbList\",\"@id\":\"https:\\\/\\\/naturorel.fr\\\/sante-bien-etre-au-travail\\\/lumino-therapie-entreprise\\\/#breadcrumb\",\"itemListElement\":[{\"@type\":\"ListItem\",\"position\":1,\"name\":\"Accueil\",\"item\":\"https:\\\/\\\/naturorel.fr\\\/sante-bien-etre-au-travail\\\/\"},{\"@type\":\"ListItem\",\"position\":2,\"name\":\"Lumino-Th\u00e9rapie Technologie PSiO\"}]},{\"@type\":\"WebSite\",\"@id\":\"https:\\\/\\\/naturorel.fr\\\/sante-bien-etre-au-travail\\\/#website\",\"url\":\"https:\\\/\\\/naturorel.fr\\\/sante-bien-etre-au-travail\\\/\",\"name\":\"ACCOMPAGNEMENT SANT\u00c9, PR\u00c9VENTION ET BIEN-\u00caTRE AU TRAVAIL\",\"description\":\"\",\"publisher\":{\"@id\":\"https:\\\/\\\/naturorel.fr\\\/sante-bien-etre-au-travail\\\/#organization\"},\"potentialAction\":[{\"@type\":\"SearchAction\",\"target\":{\"@type\":\"EntryPoint\",\"urlTemplate\":\"https:\\\/\\\/naturorel.fr\\\/sante-bien-etre-au-travail\\\/?s={search_term_string}\"},\"query-input\":{\"@type\":\"PropertyValueSpecification\",\"valueRequired\":true,\"valueName\":\"search_term_string\"}}],\"inLanguage\":\"fr-FR\"},{\"@type\":\"Organization\",\"@id\":\"https:\\\/\\\/naturorel.fr\\\/sante-bien-etre-au-travail\\\/#organization\",\"name\":\"NaturOrel\",\"url\":\"https:\\\/\\\/naturorel.fr\\\/sante-bien-etre-au-travail\\\/\",\"logo\":{\"@type\":\"ImageObject\",\"inLanguage\":\"fr-FR\",\"@id\":\"https:\\\/\\\/naturorel.fr\\\/sante-bien-etre-au-travail\\\/#\\\/schema\\\/logo\\\/image\\\/\",\"url\":\"https:\\\/\\\/qvt.naturorel.fr\\\/wp-content\\\/uploads\\\/2021\\\/08\\\/cropped-Natur-Orel-logo.png\",\"contentUrl\":\"https:\\\/\\\/qvt.naturorel.fr\\\/wp-content\\\/uploads\\\/2021\\\/08\\\/cropped-Natur-Orel-logo.png\",\"width\":1917,\"height\":1777,\"caption\":\"NaturOrel\"},\"image\":{\"@id\":\"https:\\\/\\\/naturorel.fr\\\/sante-bien-etre-au-travail\\\/#\\\/schema\\\/logo\\\/image\\\/\"},\"sameAs\":[\"https:\\\/\\\/www.facebook.com\\\/NaturOrel\",\"https:\\\/\\\/x.com\\\/naturorel\",\"https:\\\/\\\/fr.linkedin.com\\\/in\\\/aur\u00e9lie-everaere-natur\u2019orel\"]}]}<\/script>\n<!-- \/ Yoast SEO plugin. -->","yoast_head_json":{"title":"Lumino-Th\u00e9rapie Technologie PSiO - ACCOMPAGNEMENT SANT\u00c9, PR\u00c9VENTION ET BIEN-\u00caTRE AU TRAVAIL","robots":{"index":"index","follow":"follow","max-snippet":"max-snippet:-1","max-image-preview":"max-image-preview:large","max-video-preview":"max-video-preview:-1"},"canonical":"https:\/\/naturorel.fr\/sante-bien-etre-au-travail\/lumino-therapie-entreprise\/","og_locale":"fr_FR","og_type":"article","og_title":"Lumino-Th\u00e9rapie Technologie PSiO - ACCOMPAGNEMENT SANT\u00c9, PR\u00c9VENTION ET BIEN-\u00caTRE AU TRAVAIL","og_description":"Nous proposons des ateliers de lumino th\u00e9rapie en entreprise : atelier individuel ou collectif. Les s\u00e9ances sont encadr\u00e9es par une personne dipl\u00f4m\u00e9e. Cette technologie combine la lumino &amp; la relaxation Qu\u2019est ce que la technologie &hellip;","og_url":"https:\/\/naturorel.fr\/sante-bien-etre-au-travail\/lumino-therapie-entreprise\/","og_site_name":"ACCOMPAGNEMENT SANT\u00c9, PR\u00c9VENTION ET BIEN-\u00caTRE AU TRAVAIL","article_publisher":"https:\/\/www.facebook.com\/NaturOrel","article_modified_time":"2021-10-06T20:42:19+00:00","og_image":[{"url":"https:\/\/qvt.naturorel.fr\/wp-content\/uploads\/2021\/10\/natuorel-offre-entreprise-psio.jpg","type":"","width":"","height":""}],"twitter_card":"summary_large_image","twitter_site":"@naturorel","twitter_misc":{"Dur\u00e9e de lecture estim\u00e9e":"2 minutes"},"schema":{"@context":"https:\/\/schema.org","@graph":[{"@type":"WebPage","@id":"https:\/\/naturorel.fr\/sante-bien-etre-au-travail\/lumino-therapie-entreprise\/","url":"https:\/\/naturorel.fr\/sante-bien-etre-au-travail\/lumino-therapie-entreprise\/","name":"Lumino-Th\u00e9rapie Technologie PSiO - ACCOMPAGNEMENT SANT\u00c9, PR\u00c9VENTION ET BIEN-\u00caTRE AU TRAVAIL","isPartOf":{"@id":"https:\/\/naturorel.fr\/sante-bien-etre-au-travail\/#website"},"primaryImageOfPage":{"@id":"https:\/\/naturorel.fr\/sante-bien-etre-au-travail\/lumino-therapie-entreprise\/#primaryimage"},"image":{"@id":"https:\/\/naturorel.fr\/sante-bien-etre-au-travail\/lumino-therapie-entreprise\/#primaryimage"},"thumbnailUrl":"https:\/\/qvt.naturorel.fr\/wp-content\/uploads\/2021\/10\/natuorel-offre-entreprise-psio.jpg","datePublished":"2021-10-06T18:15:27+00:00","dateModified":"2021-10-06T20:42:19+00:00","breadcrumb":{"@id":"https:\/\/naturorel.fr\/sante-bien-etre-au-travail\/lumino-therapie-entreprise\/#breadcrumb"},"inLanguage":"fr-FR","potentialAction":[{"@type":"ReadAction","target":["https:\/\/naturorel.fr\/sante-bien-etre-au-travail\/lumino-therapie-entreprise\/"]}]},{"@type":"ImageObject","inLanguage":"fr-FR","@id":"https:\/\/naturorel.fr\/sante-bien-etre-au-travail\/lumino-therapie-entreprise\/#primaryimage","url":"https:\/\/qvt.naturorel.fr\/wp-content\/uploads\/2021\/10\/natuorel-offre-entreprise-psio.jpg","contentUrl":"https:\/\/qvt.naturorel.fr\/wp-content\/uploads\/2021\/10\/natuorel-offre-entreprise-psio.jpg"},{"@type":"BreadcrumbList","@id":"https:\/\/naturorel.fr\/sante-bien-etre-au-travail\/lumino-therapie-entreprise\/#breadcrumb","itemListElement":[{"@type":"ListItem","position":1,"name":"Accueil","item":"https:\/\/naturorel.fr\/sante-bien-etre-au-travail\/"},{"@type":"ListItem","position":2,"name":"Lumino-Th\u00e9rapie Technologie PSiO"}]},{"@type":"WebSite","@id":"https:\/\/naturorel.fr\/sante-bien-etre-au-travail\/#website","url":"https:\/\/naturorel.fr\/sante-bien-etre-au-travail\/","name":"ACCOMPAGNEMENT SANT\u00c9, PR\u00c9VENTION ET BIEN-\u00caTRE AU TRAVAIL","description":"","publisher":{"@id":"https:\/\/naturorel.fr\/sante-bien-etre-au-travail\/#organization"},"potentialAction":[{"@type":"SearchAction","target":{"@type":"EntryPoint","urlTemplate":"https:\/\/naturorel.fr\/sante-bien-etre-au-travail\/?s={search_term_string}"},"query-input":{"@type":"PropertyValueSpecification","valueRequired":true,"valueName":"search_term_string"}}],"inLanguage":"fr-FR"},{"@type":"Organization","@id":"https:\/\/naturorel.fr\/sante-bien-etre-au-travail\/#organization","name":"NaturOrel","url":"https:\/\/naturorel.fr\/sante-bien-etre-au-travail\/","logo":{"@type":"ImageObject","inLanguage":"fr-FR","@id":"https:\/\/naturorel.fr\/sante-bien-etre-au-travail\/#\/schema\/logo\/image\/","url":"https:\/\/qvt.naturorel.fr\/wp-content\/uploads\/2021\/08\/cropped-Natur-Orel-logo.png","contentUrl":"https:\/\/qvt.naturorel.fr\/wp-content\/uploads\/2021\/08\/cropped-Natur-Orel-logo.png","width":1917,"height":1777,"caption":"NaturOrel"},"image":{"@id":"https:\/\/naturorel.fr\/sante-bien-etre-au-travail\/#\/schema\/logo\/image\/"},"sameAs":["https:\/\/www.facebook.com\/NaturOrel","https:\/\/x.com\/naturorel","https:\/\/fr.linkedin.com\/in\/aur\u00e9lie-everaere-natur\u2019orel"]}]}},"_links":{"self":[{"href":"https:\/\/naturorel.fr\/sante-bien-etre-au-travail\/wp-json\/wp\/v2\/pages\/1547","targetHints":{"allow":["GET"]}}],"collection":[{"href":"https:\/\/naturorel.fr\/sante-bien-etre-au-travail\/wp-json\/wp\/v2\/pages"}],"about":[{"href":"https:\/\/naturorel.fr\/sante-bien-etre-au-travail\/wp-json\/wp\/v2\/types\/page"}],"author":[{"embeddable":true,"href":"https:\/\/naturorel.fr\/sante-bien-etre-au-travail\/wp-json\/wp\/v2\/users\/1"}],"replies":[{"embeddable":true,"href":"https:\/\/naturorel.fr\/sante-bien-etre-au-travail\/wp-json\/wp\/v2\/comments?post=1547"}],"version-history":[{"count":9,"href":"https:\/\/naturorel.fr\/sante-bien-etre-au-travail\/wp-json\/wp\/v2\/pages\/1547\/revisions"}],"predecessor-version":[{"id":1564,"href":"https:\/\/naturorel.fr\/sante-bien-etre-au-travail\/wp-json\/wp\/v2\/pages\/1547\/revisions\/1564"}],"wp:attachment":[{"href":"https:\/\/naturorel.fr\/sante-bien-etre-au-travail\/wp-json\/wp\/v2\/media?parent=1547"}],"curies":[{"name":"wp","href":"https:\/\/api.w.org\/{rel}","templated":true}]}}