{"id":1628,"date":"2021-10-13T18:42:10","date_gmt":"2021-10-13T18:42:10","guid":{"rendered":"https:\/\/qvt.naturorel.fr\/?page_id=1628"},"modified":"2021-10-13T19:35:01","modified_gmt":"2021-10-13T19:35:01","slug":"meditation-pleine-conscience-arras-lille-paris-lens-amiens-bethune","status":"publish","type":"page","link":"https:\/\/naturorel.fr\/sante-bien-etre-au-travail\/meditation-pleine-conscience-arras-lille-paris-lens-amiens-bethune\/","title":{"rendered":"M\u00e9ditation Pleine Conscience en Entreprise"},"content":{"rendered":"\n<div class=\"wp-block-media-text alignwide is-stacked-on-mobile eplus-rcZrSJ\"><figure class=\"wp-block-media-text__media\"><img fetchpriority=\"high\" decoding=\"async\" width=\"1024\" height=\"683\" src=\"https:\/\/qvt.naturorel.fr\/wp-content\/uploads\/2021\/10\/image-from-rawpixel-id-412207-jpeg-1024x683.jpg\" alt=\"\" class=\"wp-image-1630 size-full\" srcset=\"https:\/\/naturorel.fr\/sante-bien-etre-au-travail\/wp-content\/uploads\/2021\/10\/image-from-rawpixel-id-412207-jpeg-1024x683.jpg 1024w, https:\/\/naturorel.fr\/sante-bien-etre-au-travail\/wp-content\/uploads\/2021\/10\/image-from-rawpixel-id-412207-jpeg-300x200.jpg 300w, https:\/\/naturorel.fr\/sante-bien-etre-au-travail\/wp-content\/uploads\/2021\/10\/image-from-rawpixel-id-412207-jpeg-768x512.jpg 768w, https:\/\/naturorel.fr\/sante-bien-etre-au-travail\/wp-content\/uploads\/2021\/10\/image-from-rawpixel-id-412207-jpeg-1536x1024.jpg 1536w, https:\/\/naturorel.fr\/sante-bien-etre-au-travail\/wp-content\/uploads\/2021\/10\/image-from-rawpixel-id-412207-jpeg-2048x1365.jpg 2048w, https:\/\/naturorel.fr\/sante-bien-etre-au-travail\/wp-content\/uploads\/2021\/10\/image-from-rawpixel-id-412207-jpeg-90x60.jpg 90w\" sizes=\"(max-width: 1024px) 100vw, 1024px\" \/><\/figure><div class=\"wp-block-media-text__content\">\n<p class=\"eplus-l2qKdN\">Nous proposons des ateliers de <strong><strong>M\u00e9ditation en Pleine Conscience en entreprise<\/strong><\/strong> : atelier individuel ou collectif.<\/p>\n\n\n\n<p class=\"eplus-RvN7vP\"><strong>Les s\u00e9ances sont encadr\u00e9es par une personne dipl\u00f4m\u00e9e.<\/strong><\/p>\n\n\n\n<p class=\"eplus-5AM9rN\">Cette technologie combine <strong>la lumino &amp; la relaxation  <\/strong><\/p>\n<\/div><\/div>\n\n\n\n<h1 class=\"has-text-align-left eplus-3Xirzo wp-block-heading\"><strong>Qu\u2019est ce que la m\u00e9ditation en pleine conscience ?<\/strong><\/h1>\n\n\n\n<p class=\"eplus-80Qw2h\"><strong>Pleine conscience = \u00eatre dans l\u2019instant, vivre l\u2019instant pr\u00e9sent<\/strong><\/p>\n\n\n\n<p class=\"eplus-RHf6CJ\">Nous sommes en pilotage automatique la plupart du temps et nous passons 50% de notre temps dans nos pens\u00e9es qui g\u00e9n\u00e8rent stress, angoisse, mal \u00eatre\u2026<\/p>\n\n\n\n<p class=\"eplus-cqbNnv\">Nous faisons tous l\u2019exp\u00e9rience de la pleine conscience de temps en temps mais le plus souvent de mani\u00e8re furtive&nbsp;: quelques secondes, quelques minutes tout au plus lorsque nous sommes \u00e0 la fois concentr\u00e9s et relax\u00e9s<\/p>\n\n\n\n<p class=\"eplus-OxlOBL\">Ex&nbsp;: devant un feu de chemin\u00e9e, lors d\u2019une balade en pleine nature<\/p>\n\n\n\n<p class=\"eplus-nSBB7q\">La m\u00e9ditation permet de d\u00e9velopper cet \u00e9tat de pleine conscience. Elle entra\u00eene l\u2019esprit \u00e0 se lib\u00e9rer du flot de pens\u00e9es pour se concentrer sur l\u2019instant pr\u00e9sent plus longtemps et plus profond\u00e9ment. Les bienfaits sont tels que la m\u00e9ditation en pleine conscience est de plus en plus utilis\u00e9e de fa\u00e7on clinique pour soigner les maladies mentales et notamment celles li\u00e9es au stress<\/p>\n\n\n\n<p class=\"eplus-cAhzZg\"><strong>Les personnes qui pratiquent la m\u00e9ditation en pleine conscience ressentent un calme mental et un meilleur contr\u00f4le de leurs \u00e9motions, pendant la m\u00e9diation, mais \u00e9galement dans leur vie quotidienne<\/strong><\/p>\n\n\n\n<h2 class=\"eplus-bDfDaW wp-block-heading\"> <strong>L\u2019int\u00e9r\u00eat pour vos \u00e9quipes <\/strong>:<\/h2>\n\n\n<ul class=\"eplus-LVSUIl wp-block-list eplus-styles-uid-0fe7fe\"><li>Augmentation des pens\u00e9es positives<\/li><\/ul>\n\n<ul class=\"eplus-YYmUiq wp-block-list eplus-styles-uid-8bb130\"><li>Am\u00e9lioration des capacit\u00e9s de concentration et d\u2019attention<\/li><\/ul>\n\n<ul class=\"eplus-INlsjJ wp-block-list eplus-styles-uid-0f7f3e\"><li>R\u00e9duction du stress et de l\u2019anxi\u00e9t\u00e9<\/li><\/ul>\n\n<ul class=\"eplus-HsyQ99 wp-block-list eplus-styles-uid-e436a9\"><li>Am\u00e9lioration du sommeil<\/li><\/ul>\n\n<ul class=\"eplus-lzNoRl wp-block-list eplus-styles-uid-8aa071\"><li>Am\u00e9lioration de la gestion des \u00e9motions<\/li><\/ul>\n\n\n<h3 class=\"eplus-8Jmue9 wp-block-heading\"><strong>En pratique, comment se d\u00e9roule une s\u00e9ance de en entreprise :<\/strong><\/h3>\n\n\n\n<p class=\"eplus-ZbFqzN\">Nous ajustons les <strong>s\u00e9ances <\/strong>\u00e0 vos horaires de <strong>travail en entreprise<\/strong>. Ces <strong>activit\u00e9s <\/strong>peuvent animer vos <strong>s\u00e9minaires <\/strong>ou int\u00e9grer de fa\u00e7on r\u00e9guli\u00e8re votre entreprise dans le cadre de votre politique bien-\u00eatre.<\/p>\n\n\n<ul class=\"eplus-SQbOZX wp-block-list eplus-styles-uid-81a868\"><li><strong>Groupe de 10 personnes maximum<\/strong><\/li><li><strong>S\u00e9ances de 30 \u00e0 45 minutes environ<\/strong><\/li><li><strong>Atelier accessible \u00e0 tous<\/strong><\/li><li><strong>Mat\u00e9riel fourni<\/strong><\/li><\/ul>\n\n\n<p class=\"eplus-kqpn0e\">Ces s\u00e9ances de <strong>m\u00e9ditation en pleine conscience en entreprise<\/strong> peuvent se d\u00e9rouler sur Paris, Lille,  Arras, Lens, Amiens et sur l\u2019ensemble de la r\u00e9gion Haut de France, r\u00e9gion Parisienne. Autre r\u00e9gion\/ville sur demande.<\/p>\n\n\n<div class=\"wp-block-columns eplus-xYPa0o is-layout-flex wp-container-core-columns-is-layout-9d6595d7 wp-block-columns-is-layout-flex eplus-styles-uid-e33f05\"><div class=\"wp-block-column eplus-7mmHV7 has-text-color is-layout-flow wp-block-column-is-layout-flow eplus-styles-uid-f0907b\" style=\"color:#21323a\"><h5 class=\"has-text-align-center eplus-4f83x4 has-black-color has-text-color wp-block-heading eplus-styles-uid-ccfd20\"><strong>Demandez votre devis m\u00e9ditation au travail et contribuons ensemble au bien-\u00eatre de vos collaborateurs<\/strong><\/h5>\n\n<div class=\"wpforms-container wpforms-container-full wpforms-block\" id=\"wpforms-1632\"><form id=\"wpforms-form-1632\" class=\"wpforms-validate wpforms-form wpforms-ajax-form\" data-formid=\"1632\" method=\"post\" enctype=\"multipart\/form-data\" action=\"\/sante-bien-etre-au-travail\/wp-json\/wp\/v2\/pages\/1628\" data-token=\"659bf761b0491e098fa892d904ade932\" data-token-time=\"1778693539\"><noscript class=\"wpforms-error-noscript\">Veuillez activer JavaScript dans votre navigateur pour remplir ce formulaire.<\/noscript><div class=\"wpforms-field-container\"><div id=\"wpforms-1632-field_14-container\" class=\"wpforms-field wpforms-field-number\" data-field-id=\"14\"><label class=\"wpforms-field-label\" for=\"wpforms-1632-field_14\">Nombre de participants approximatif<\/label><input type=\"number\" id=\"wpforms-1632-field_14\" class=\"wpforms-field-small\" name=\"wpforms[fields][14]\" step=\"any\"><\/div><div id=\"wpforms-1632-field_12-container\" class=\"wpforms-field wpforms-field-name\" data-field-id=\"12\"><label class=\"wpforms-field-label wpforms-label-hide\" for=\"wpforms-1632-field_12\">Entreprise <span class=\"wpforms-required-label\">*<\/span><\/label><input type=\"text\" id=\"wpforms-1632-field_12\" class=\"wpforms-field-medium wpforms-field-required\" name=\"wpforms[fields][12]\" placeholder=\"Entreprise*\" required><\/div><div id=\"wpforms-1632-field_0-container\" class=\"wpforms-field wpforms-field-name\" data-field-id=\"0\"><label class=\"wpforms-field-label wpforms-label-hide\" for=\"wpforms-1632-field_0\">Name <span class=\"wpforms-required-label\">*<\/span><\/label><div class=\"wpforms-field-row wpforms-field-medium\"><div class=\"wpforms-field-row-block wpforms-first wpforms-one-half\"><input type=\"text\" id=\"wpforms-1632-field_0\" class=\"wpforms-field-name-first wpforms-field-required\" name=\"wpforms[fields][0][first]\" placeholder=\"Pr\u00e9nom*\" required><label for=\"wpforms-1632-field_0\" class=\"wpforms-field-sublabel after wpforms-sublabel-hide\">Pr\u00e9nom<\/label><\/div><div class=\"wpforms-field-row-block wpforms-one-half\"><input type=\"text\" id=\"wpforms-1632-field_0-last\" class=\"wpforms-field-name-last wpforms-field-required\" name=\"wpforms[fields][0][last]\" placeholder=\"Nom*\" required><label for=\"wpforms-1632-field_0-last\" class=\"wpforms-field-sublabel after wpforms-sublabel-hide\">Nom<\/label><\/div><\/div><\/div><div id=\"wpforms-1632-field_1-container\" class=\"wpforms-field wpforms-field-email\" data-field-id=\"1\"><label class=\"wpforms-field-label wpforms-label-hide\" for=\"wpforms-1632-field_1\">Email <span class=\"wpforms-required-label\">*<\/span><\/label><input type=\"email\" id=\"wpforms-1632-field_1\" class=\"wpforms-field-medium wpforms-field-required\" name=\"wpforms[fields][1]\" placeholder=\"Email*\" spellcheck=\"false\" required><\/div><div id=\"wpforms-1632-field_13-container\" class=\"wpforms-field wpforms-field-text\" data-field-id=\"13\"><label class=\"wpforms-field-label wpforms-label-hide\" for=\"wpforms-1632-field_13\">T\u00e9l\u00e9phone<\/label><input type=\"text\" id=\"wpforms-1632-field_13\" class=\"wpforms-field-small wpforms-masked-input wpforms-limit-characters-enabled\" data-rule-inputmask-incomplete=\"1\" data-inputmask-mask=\"0000000000\" data-form-id=\"1632\" data-field-id=\"13\" data-text-limit=\"10\" name=\"wpforms[fields][13]\" placeholder=\"T\u00e9l\u00e9phone\" maxlength=\"10\"><\/div><div id=\"wpforms-1632-field_3-container\" class=\"wpforms-field wpforms-field-textarea\" data-field-id=\"3\"><label class=\"wpforms-field-label\" for=\"wpforms-1632-field_3\">Informations compl\u00e9mentaires<\/label><textarea id=\"wpforms-1632-field_3\" class=\"wpforms-field-medium\" name=\"wpforms[fields][3]\"><\/textarea><\/div><\/div><!-- .wpforms-field-container --><div class=\"wpforms-submit-container\"><input type=\"hidden\" name=\"wpforms[id]\" value=\"1632\"><input type=\"hidden\" name=\"page_title\" value=\"\"><input type=\"hidden\" name=\"page_url\" value=\"https:\/\/naturorel.fr\/sante-bien-etre-au-travail\/wp-json\/wp\/v2\/pages\/1628\"><input type=\"hidden\" name=\"url_referer\" value=\"\"><button type=\"submit\" name=\"wpforms[submit]\" id=\"wpforms-submit-1632\" class=\"wpforms-submit btn-readmorehover\" data-alt-text=\"Sending...\" data-submit-text=\"Je demande mon devis...\" aria-live=\"assertive\" value=\"wpforms-submit\">Je demande mon devis&#8230;<\/button><img decoding=\"async\" src=\"https:\/\/naturorel.fr\/sante-bien-etre-au-travail\/wp-content\/plugins\/wpforms-lite\/assets\/images\/submit-spin.svg\" class=\"wpforms-submit-spinner\" style=\"display: none;\" width=\"26\" height=\"26\" alt=\"Chargement en cours\"><\/div><\/form><\/div>  <!-- .wpforms-container -->\n\n\n<figure class=\"wp-block-image size-full eplus-w879o2 is-style-default\"><img decoding=\"async\" width=\"645\" height=\"93\" src=\"https:\/\/qvt.naturorel.fr\/wp-content\/uploads\/2021\/10\/gratuit-long-0_805_950_915-degrade.png\" alt=\"\" class=\"wp-image-1359\" srcset=\"https:\/\/naturorel.fr\/sante-bien-etre-au-travail\/wp-content\/uploads\/2021\/10\/gratuit-long-0_805_950_915-degrade.png 645w, https:\/\/naturorel.fr\/sante-bien-etre-au-travail\/wp-content\/uploads\/2021\/10\/gratuit-long-0_805_950_915-degrade-300x43.png 300w, https:\/\/naturorel.fr\/sante-bien-etre-au-travail\/wp-content\/uploads\/2021\/10\/gratuit-long-0_805_950_915-degrade-416x60.png 416w\" sizes=\"(max-width: 645px) 100vw, 645px\" \/><\/figure>\n<\/div><\/div>","protected":false},"excerpt":{"rendered":"<p>Nous proposons des ateliers de M\u00e9ditation en Pleine Conscience en entreprise : atelier individuel ou collectif. Les s\u00e9ances sont encadr\u00e9es par une personne dipl\u00f4m\u00e9e. Cette technologie combine la lumino &amp; la relaxation Qu\u2019est ce que &hellip; <\/p>\n","protected":false},"author":1,"featured_media":0,"parent":0,"menu_order":0,"comment_status":"closed","ping_status":"closed","template":"redux-templates_full_width","meta":{"editor_plus_copied_stylings":"{}","kk_blocks_editor_width":"","_kiokenblocks_attr":"","_kiokenblocks_dimensions":"","footnotes":""},"class_list":["post-1628","page","type-page","status-publish","hentry","latest_post"],"yoast_head":"<!-- This site is optimized with the Yoast SEO plugin v27.6 - https:\/\/yoast.com\/product\/yoast-seo-wordpress\/ -->\n<title>M\u00e9ditation Pleine Conscience en Entreprise - Qualit\u00e9 de Vie au Travail<\/title>\n<meta name=\"description\" content=\"D\u00e9couvrez nos s\u00e9ances de M\u00e9ditation Pleine Conscience en Entreprise - Naturorel - Bien \u00catre en entreprise\" \/>\n<meta name=\"robots\" content=\"index, follow, max-snippet:-1, max-image-preview:large, max-video-preview:-1\" \/>\n<link rel=\"canonical\" href=\"https:\/\/naturorel.fr\/sante-bien-etre-au-travail\/meditation-pleine-conscience-arras-lille-paris-lens-amiens-bethune\/\" \/>\n<meta property=\"og:locale\" content=\"fr_FR\" \/>\n<meta property=\"og:type\" content=\"article\" \/>\n<meta property=\"og:title\" content=\"M\u00e9ditation Pleine Conscience en Entreprise - Qualit\u00e9 de Vie au Travail\" \/>\n<meta property=\"og:description\" content=\"D\u00e9couvrez nos s\u00e9ances de M\u00e9ditation Pleine Conscience en Entreprise - Naturorel - Bien \u00catre en entreprise\" \/>\n<meta property=\"og:url\" content=\"https:\/\/naturorel.fr\/sante-bien-etre-au-travail\/meditation-pleine-conscience-arras-lille-paris-lens-amiens-bethune\/\" \/>\n<meta property=\"og:site_name\" content=\"ACCOMPAGNEMENT SANT\u00c9, PR\u00c9VENTION ET BIEN-\u00caTRE AU TRAVAIL\" \/>\n<meta property=\"article:publisher\" content=\"https:\/\/www.facebook.com\/NaturOrel\" \/>\n<meta property=\"article:modified_time\" content=\"2021-10-13T19:35:01+00:00\" \/>\n<meta property=\"og:image\" content=\"https:\/\/qvt.naturorel.fr\/wp-content\/uploads\/2021\/10\/image-from-rawpixel-id-412207-jpeg-1024x683.jpg\" \/>\n<meta name=\"twitter:card\" content=\"summary_large_image\" \/>\n<meta name=\"twitter:site\" content=\"@naturorel\" \/>\n<meta name=\"twitter:label1\" content=\"Dur\u00e9e de lecture estim\u00e9e\" \/>\n\t<meta name=\"twitter:data1\" content=\"2 minutes\" \/>\n<script type=\"application\/ld+json\" class=\"yoast-schema-graph\">{\"@context\":\"https:\\\/\\\/schema.org\",\"@graph\":[{\"@type\":\"WebPage\",\"@id\":\"https:\\\/\\\/naturorel.fr\\\/sante-bien-etre-au-travail\\\/meditation-pleine-conscience-arras-lille-paris-lens-amiens-bethune\\\/\",\"url\":\"https:\\\/\\\/naturorel.fr\\\/sante-bien-etre-au-travail\\\/meditation-pleine-conscience-arras-lille-paris-lens-amiens-bethune\\\/\",\"name\":\"M\u00e9ditation Pleine Conscience en Entreprise - Qualit\u00e9 de Vie au Travail\",\"isPartOf\":{\"@id\":\"https:\\\/\\\/naturorel.fr\\\/sante-bien-etre-au-travail\\\/#website\"},\"primaryImageOfPage\":{\"@id\":\"https:\\\/\\\/naturorel.fr\\\/sante-bien-etre-au-travail\\\/meditation-pleine-conscience-arras-lille-paris-lens-amiens-bethune\\\/#primaryimage\"},\"image\":{\"@id\":\"https:\\\/\\\/naturorel.fr\\\/sante-bien-etre-au-travail\\\/meditation-pleine-conscience-arras-lille-paris-lens-amiens-bethune\\\/#primaryimage\"},\"thumbnailUrl\":\"https:\\\/\\\/qvt.naturorel.fr\\\/wp-content\\\/uploads\\\/2021\\\/10\\\/image-from-rawpixel-id-412207-jpeg-1024x683.jpg\",\"datePublished\":\"2021-10-13T18:42:10+00:00\",\"dateModified\":\"2021-10-13T19:35:01+00:00\",\"description\":\"D\u00e9couvrez nos s\u00e9ances de M\u00e9ditation Pleine Conscience en Entreprise - Naturorel - Bien \u00catre en entreprise\",\"breadcrumb\":{\"@id\":\"https:\\\/\\\/naturorel.fr\\\/sante-bien-etre-au-travail\\\/meditation-pleine-conscience-arras-lille-paris-lens-amiens-bethune\\\/#breadcrumb\"},\"inLanguage\":\"fr-FR\",\"potentialAction\":[{\"@type\":\"ReadAction\",\"target\":[\"https:\\\/\\\/naturorel.fr\\\/sante-bien-etre-au-travail\\\/meditation-pleine-conscience-arras-lille-paris-lens-amiens-bethune\\\/\"]}]},{\"@type\":\"ImageObject\",\"inLanguage\":\"fr-FR\",\"@id\":\"https:\\\/\\\/naturorel.fr\\\/sante-bien-etre-au-travail\\\/meditation-pleine-conscience-arras-lille-paris-lens-amiens-bethune\\\/#primaryimage\",\"url\":\"https:\\\/\\\/qvt.naturorel.fr\\\/wp-content\\\/uploads\\\/2021\\\/10\\\/image-from-rawpixel-id-412207-jpeg-1024x683.jpg\",\"contentUrl\":\"https:\\\/\\\/qvt.naturorel.fr\\\/wp-content\\\/uploads\\\/2021\\\/10\\\/image-from-rawpixel-id-412207-jpeg-1024x683.jpg\"},{\"@type\":\"BreadcrumbList\",\"@id\":\"https:\\\/\\\/naturorel.fr\\\/sante-bien-etre-au-travail\\\/meditation-pleine-conscience-arras-lille-paris-lens-amiens-bethune\\\/#breadcrumb\",\"itemListElement\":[{\"@type\":\"ListItem\",\"position\":1,\"name\":\"Accueil\",\"item\":\"https:\\\/\\\/naturorel.fr\\\/sante-bien-etre-au-travail\\\/\"},{\"@type\":\"ListItem\",\"position\":2,\"name\":\"M\u00e9ditation Pleine Conscience en Entreprise\"}]},{\"@type\":\"WebSite\",\"@id\":\"https:\\\/\\\/naturorel.fr\\\/sante-bien-etre-au-travail\\\/#website\",\"url\":\"https:\\\/\\\/naturorel.fr\\\/sante-bien-etre-au-travail\\\/\",\"name\":\"ACCOMPAGNEMENT SANT\u00c9, PR\u00c9VENTION ET BIEN-\u00caTRE AU TRAVAIL\",\"description\":\"\",\"publisher\":{\"@id\":\"https:\\\/\\\/naturorel.fr\\\/sante-bien-etre-au-travail\\\/#organization\"},\"potentialAction\":[{\"@type\":\"SearchAction\",\"target\":{\"@type\":\"EntryPoint\",\"urlTemplate\":\"https:\\\/\\\/naturorel.fr\\\/sante-bien-etre-au-travail\\\/?s={search_term_string}\"},\"query-input\":{\"@type\":\"PropertyValueSpecification\",\"valueRequired\":true,\"valueName\":\"search_term_string\"}}],\"inLanguage\":\"fr-FR\"},{\"@type\":\"Organization\",\"@id\":\"https:\\\/\\\/naturorel.fr\\\/sante-bien-etre-au-travail\\\/#organization\",\"name\":\"NaturOrel\",\"url\":\"https:\\\/\\\/naturorel.fr\\\/sante-bien-etre-au-travail\\\/\",\"logo\":{\"@type\":\"ImageObject\",\"inLanguage\":\"fr-FR\",\"@id\":\"https:\\\/\\\/naturorel.fr\\\/sante-bien-etre-au-travail\\\/#\\\/schema\\\/logo\\\/image\\\/\",\"url\":\"https:\\\/\\\/qvt.naturorel.fr\\\/wp-content\\\/uploads\\\/2021\\\/08\\\/cropped-Natur-Orel-logo.png\",\"contentUrl\":\"https:\\\/\\\/qvt.naturorel.fr\\\/wp-content\\\/uploads\\\/2021\\\/08\\\/cropped-Natur-Orel-logo.png\",\"width\":1917,\"height\":1777,\"caption\":\"NaturOrel\"},\"image\":{\"@id\":\"https:\\\/\\\/naturorel.fr\\\/sante-bien-etre-au-travail\\\/#\\\/schema\\\/logo\\\/image\\\/\"},\"sameAs\":[\"https:\\\/\\\/www.facebook.com\\\/NaturOrel\",\"https:\\\/\\\/x.com\\\/naturorel\",\"https:\\\/\\\/fr.linkedin.com\\\/in\\\/aur\u00e9lie-everaere-natur\u2019orel\"]}]}<\/script>\n<!-- \/ Yoast SEO plugin. -->","yoast_head_json":{"title":"M\u00e9ditation Pleine Conscience en Entreprise - Qualit\u00e9 de Vie au Travail","description":"D\u00e9couvrez nos s\u00e9ances de M\u00e9ditation Pleine Conscience en Entreprise - Naturorel - Bien \u00catre en entreprise","robots":{"index":"index","follow":"follow","max-snippet":"max-snippet:-1","max-image-preview":"max-image-preview:large","max-video-preview":"max-video-preview:-1"},"canonical":"https:\/\/naturorel.fr\/sante-bien-etre-au-travail\/meditation-pleine-conscience-arras-lille-paris-lens-amiens-bethune\/","og_locale":"fr_FR","og_type":"article","og_title":"M\u00e9ditation Pleine Conscience en Entreprise - Qualit\u00e9 de Vie au Travail","og_description":"D\u00e9couvrez nos s\u00e9ances de M\u00e9ditation Pleine Conscience en Entreprise - Naturorel - Bien \u00catre en entreprise","og_url":"https:\/\/naturorel.fr\/sante-bien-etre-au-travail\/meditation-pleine-conscience-arras-lille-paris-lens-amiens-bethune\/","og_site_name":"ACCOMPAGNEMENT SANT\u00c9, PR\u00c9VENTION ET BIEN-\u00caTRE AU TRAVAIL","article_publisher":"https:\/\/www.facebook.com\/NaturOrel","article_modified_time":"2021-10-13T19:35:01+00:00","og_image":[{"url":"https:\/\/qvt.naturorel.fr\/wp-content\/uploads\/2021\/10\/image-from-rawpixel-id-412207-jpeg-1024x683.jpg","type":"","width":"","height":""}],"twitter_card":"summary_large_image","twitter_site":"@naturorel","twitter_misc":{"Dur\u00e9e de lecture estim\u00e9e":"2 minutes"},"schema":{"@context":"https:\/\/schema.org","@graph":[{"@type":"WebPage","@id":"https:\/\/naturorel.fr\/sante-bien-etre-au-travail\/meditation-pleine-conscience-arras-lille-paris-lens-amiens-bethune\/","url":"https:\/\/naturorel.fr\/sante-bien-etre-au-travail\/meditation-pleine-conscience-arras-lille-paris-lens-amiens-bethune\/","name":"M\u00e9ditation Pleine Conscience en Entreprise - Qualit\u00e9 de Vie au Travail","isPartOf":{"@id":"https:\/\/naturorel.fr\/sante-bien-etre-au-travail\/#website"},"primaryImageOfPage":{"@id":"https:\/\/naturorel.fr\/sante-bien-etre-au-travail\/meditation-pleine-conscience-arras-lille-paris-lens-amiens-bethune\/#primaryimage"},"image":{"@id":"https:\/\/naturorel.fr\/sante-bien-etre-au-travail\/meditation-pleine-conscience-arras-lille-paris-lens-amiens-bethune\/#primaryimage"},"thumbnailUrl":"https:\/\/qvt.naturorel.fr\/wp-content\/uploads\/2021\/10\/image-from-rawpixel-id-412207-jpeg-1024x683.jpg","datePublished":"2021-10-13T18:42:10+00:00","dateModified":"2021-10-13T19:35:01+00:00","description":"D\u00e9couvrez nos s\u00e9ances de M\u00e9ditation Pleine Conscience en Entreprise - Naturorel - Bien \u00catre en entreprise","breadcrumb":{"@id":"https:\/\/naturorel.fr\/sante-bien-etre-au-travail\/meditation-pleine-conscience-arras-lille-paris-lens-amiens-bethune\/#breadcrumb"},"inLanguage":"fr-FR","potentialAction":[{"@type":"ReadAction","target":["https:\/\/naturorel.fr\/sante-bien-etre-au-travail\/meditation-pleine-conscience-arras-lille-paris-lens-amiens-bethune\/"]}]},{"@type":"ImageObject","inLanguage":"fr-FR","@id":"https:\/\/naturorel.fr\/sante-bien-etre-au-travail\/meditation-pleine-conscience-arras-lille-paris-lens-amiens-bethune\/#primaryimage","url":"https:\/\/qvt.naturorel.fr\/wp-content\/uploads\/2021\/10\/image-from-rawpixel-id-412207-jpeg-1024x683.jpg","contentUrl":"https:\/\/qvt.naturorel.fr\/wp-content\/uploads\/2021\/10\/image-from-rawpixel-id-412207-jpeg-1024x683.jpg"},{"@type":"BreadcrumbList","@id":"https:\/\/naturorel.fr\/sante-bien-etre-au-travail\/meditation-pleine-conscience-arras-lille-paris-lens-amiens-bethune\/#breadcrumb","itemListElement":[{"@type":"ListItem","position":1,"name":"Accueil","item":"https:\/\/naturorel.fr\/sante-bien-etre-au-travail\/"},{"@type":"ListItem","position":2,"name":"M\u00e9ditation Pleine Conscience en Entreprise"}]},{"@type":"WebSite","@id":"https:\/\/naturorel.fr\/sante-bien-etre-au-travail\/#website","url":"https:\/\/naturorel.fr\/sante-bien-etre-au-travail\/","name":"ACCOMPAGNEMENT SANT\u00c9, PR\u00c9VENTION ET BIEN-\u00caTRE AU TRAVAIL","description":"","publisher":{"@id":"https:\/\/naturorel.fr\/sante-bien-etre-au-travail\/#organization"},"potentialAction":[{"@type":"SearchAction","target":{"@type":"EntryPoint","urlTemplate":"https:\/\/naturorel.fr\/sante-bien-etre-au-travail\/?s={search_term_string}"},"query-input":{"@type":"PropertyValueSpecification","valueRequired":true,"valueName":"search_term_string"}}],"inLanguage":"fr-FR"},{"@type":"Organization","@id":"https:\/\/naturorel.fr\/sante-bien-etre-au-travail\/#organization","name":"NaturOrel","url":"https:\/\/naturorel.fr\/sante-bien-etre-au-travail\/","logo":{"@type":"ImageObject","inLanguage":"fr-FR","@id":"https:\/\/naturorel.fr\/sante-bien-etre-au-travail\/#\/schema\/logo\/image\/","url":"https:\/\/qvt.naturorel.fr\/wp-content\/uploads\/2021\/08\/cropped-Natur-Orel-logo.png","contentUrl":"https:\/\/qvt.naturorel.fr\/wp-content\/uploads\/2021\/08\/cropped-Natur-Orel-logo.png","width":1917,"height":1777,"caption":"NaturOrel"},"image":{"@id":"https:\/\/naturorel.fr\/sante-bien-etre-au-travail\/#\/schema\/logo\/image\/"},"sameAs":["https:\/\/www.facebook.com\/NaturOrel","https:\/\/x.com\/naturorel","https:\/\/fr.linkedin.com\/in\/aur\u00e9lie-everaere-natur\u2019orel"]}]}},"_links":{"self":[{"href":"https:\/\/naturorel.fr\/sante-bien-etre-au-travail\/wp-json\/wp\/v2\/pages\/1628","targetHints":{"allow":["GET"]}}],"collection":[{"href":"https:\/\/naturorel.fr\/sante-bien-etre-au-travail\/wp-json\/wp\/v2\/pages"}],"about":[{"href":"https:\/\/naturorel.fr\/sante-bien-etre-au-travail\/wp-json\/wp\/v2\/types\/page"}],"author":[{"embeddable":true,"href":"https:\/\/naturorel.fr\/sante-bien-etre-au-travail\/wp-json\/wp\/v2\/users\/1"}],"replies":[{"embeddable":true,"href":"https:\/\/naturorel.fr\/sante-bien-etre-au-travail\/wp-json\/wp\/v2\/comments?post=1628"}],"version-history":[{"count":3,"href":"https:\/\/naturorel.fr\/sante-bien-etre-au-travail\/wp-json\/wp\/v2\/pages\/1628\/revisions"}],"predecessor-version":[{"id":1636,"href":"https:\/\/naturorel.fr\/sante-bien-etre-au-travail\/wp-json\/wp\/v2\/pages\/1628\/revisions\/1636"}],"wp:attachment":[{"href":"https:\/\/naturorel.fr\/sante-bien-etre-au-travail\/wp-json\/wp\/v2\/media?parent=1628"}],"curies":[{"name":"wp","href":"https:\/\/api.w.org\/{rel}","templated":true}]}}