{"id":229,"date":"2021-09-26T17:53:39","date_gmt":"2021-09-26T17:53:39","guid":{"rendered":"https:\/\/qvt.naturorel.fr\/about"},"modified":"2021-10-24T12:35:14","modified_gmt":"2021-10-24T12:35:14","slug":"qui-sommes-nous","status":"publish","type":"page","link":"https:\/\/naturorel.fr\/sante-bien-etre-au-travail\/qui-sommes-nous\/","title":{"rendered":"Qui sommes nous ?"},"content":{"rendered":"\n<p class=\"eplus-gOHmpD\">D\u2019une nature enthousiaste, hyperactive, toujours en soif d\u2019apprendre, Aur\u00e9lie Everaere conna\u00eet un parcours en entreprise qui lui a permis d\u2019acc\u00e9der \u00e0 des postes de direction pendant plus de 15 ans jusqu\u2019au jour o\u00f9 sa sant\u00e9 physique et mentale, trop mises \u00e0 l\u2019\u00e9preuve l\u2019ont conduite au burn-out.<br>Elle se tourne spontan\u00e9ment vers les pratiques \u00e9nerg\u00e9tiques pour retrouver la forme ainsi que l\u2019\u00e9quilibre physique et psychique.<br>Connaissant le monde de l\u2019entreprise et les difficult\u00e9s face \u00e0 l\u2019adaptation du march\u00e9 en perp\u00e9tuelle mouvance, elle d\u00e9cide de se reconvertir et d\u2019accompagner les dirigeants qui souhaitent tenir compte de la sant\u00e9 et du bien-\u00eatre au travail.<br>Actrice en la mati\u00e8re depuis plusieurs ann\u00e9es, elle propose des solutions sur mesure, pour tous types de structures d\u00e9sireuses de se d\u00e9velopper sereinement.<\/p>\n","protected":false},"excerpt":{"rendered":"<p>D\u2019une nature enthousiaste, hyperactive, toujours en soif d\u2019apprendre, Aur\u00e9lie Everaere conna\u00eet un parcours en entreprise qui lui a permis d\u2019acc\u00e9der \u00e0 des postes de direction pendant plus de 15 ans jusqu\u2019au jour o\u00f9 sa sant\u00e9 &hellip; <\/p>\n","protected":false},"author":1,"featured_media":1233,"parent":0,"menu_order":0,"comment_status":"closed","ping_status":"closed","template":"templates\/about.php","meta":{"editor_plus_copied_stylings":"{}","kk_blocks_editor_width":"","_kiokenblocks_attr":"","_kiokenblocks_dimensions":"","footnotes":""},"class_list":["post-229","page","type-page","status-publish","has-post-thumbnail","hentry","latest_post"],"yoast_head":"<!-- This site is optimized with the Yoast SEO plugin v27.5 - https:\/\/yoast.com\/product\/yoast-seo-wordpress\/ -->\n<title>Qui sommes nous ? - ACCOMPAGNEMENT SANT\u00c9, PR\u00c9VENTION ET BIEN-\u00caTRE AU TRAVAIL<\/title>\n<meta name=\"robots\" content=\"index, follow, max-snippet:-1, max-image-preview:large, max-video-preview:-1\" \/>\n<link rel=\"canonical\" href=\"https:\/\/naturorel.fr\/sante-bien-etre-au-travail\/qui-sommes-nous\/\" \/>\n<meta property=\"og:locale\" content=\"fr_FR\" \/>\n<meta property=\"og:type\" content=\"article\" \/>\n<meta property=\"og:title\" content=\"Qui sommes nous ? - ACCOMPAGNEMENT SANT\u00c9, PR\u00c9VENTION ET BIEN-\u00caTRE AU TRAVAIL\" \/>\n<meta property=\"og:description\" content=\"D\u2019une nature enthousiaste, hyperactive, toujours en soif d\u2019apprendre, Aur\u00e9lie Everaere conna\u00eet un parcours en entreprise qui lui a permis d\u2019acc\u00e9der \u00e0 des postes de direction pendant plus de 15 ans jusqu\u2019au jour o\u00f9 sa sant\u00e9 &hellip;\" \/>\n<meta property=\"og:url\" content=\"https:\/\/naturorel.fr\/sante-bien-etre-au-travail\/qui-sommes-nous\/\" \/>\n<meta property=\"og:site_name\" content=\"ACCOMPAGNEMENT SANT\u00c9, PR\u00c9VENTION ET BIEN-\u00caTRE AU TRAVAIL\" \/>\n<meta property=\"article:publisher\" content=\"https:\/\/www.facebook.com\/NaturOrel\" \/>\n<meta property=\"article:modified_time\" content=\"2021-10-24T12:35:14+00:00\" \/>\n<meta property=\"og:image\" content=\"https:\/\/naturorel.fr\/sante-bien-etre-au-travail\/wp-content\/uploads\/2021\/08\/cropped-AdobeStock_130744166-e1633108356430.jpeg\" \/>\n\t<meta property=\"og:image:width\" content=\"562\" \/>\n\t<meta property=\"og:image:height\" content=\"381\" \/>\n\t<meta property=\"og:image:type\" content=\"image\/jpeg\" \/>\n<meta name=\"twitter:card\" content=\"summary_large_image\" \/>\n<meta name=\"twitter:site\" content=\"@naturorel\" \/>\n<meta name=\"twitter:label1\" content=\"Dur\u00e9e de lecture estim\u00e9e\" \/>\n\t<meta name=\"twitter:data1\" content=\"1 minute\" \/>\n<script type=\"application\/ld+json\" class=\"yoast-schema-graph\">{\"@context\":\"https:\\\/\\\/schema.org\",\"@graph\":[{\"@type\":\"WebPage\",\"@id\":\"https:\\\/\\\/naturorel.fr\\\/sante-bien-etre-au-travail\\\/qui-sommes-nous\\\/\",\"url\":\"https:\\\/\\\/naturorel.fr\\\/sante-bien-etre-au-travail\\\/qui-sommes-nous\\\/\",\"name\":\"Qui sommes nous ? - ACCOMPAGNEMENT SANT\u00c9, PR\u00c9VENTION ET BIEN-\u00caTRE AU TRAVAIL\",\"isPartOf\":{\"@id\":\"https:\\\/\\\/naturorel.fr\\\/sante-bien-etre-au-travail\\\/#website\"},\"primaryImageOfPage\":{\"@id\":\"https:\\\/\\\/naturorel.fr\\\/sante-bien-etre-au-travail\\\/qui-sommes-nous\\\/#primaryimage\"},\"image\":{\"@id\":\"https:\\\/\\\/naturorel.fr\\\/sante-bien-etre-au-travail\\\/qui-sommes-nous\\\/#primaryimage\"},\"thumbnailUrl\":\"https:\\\/\\\/naturorel.fr\\\/sante-bien-etre-au-travail\\\/wp-content\\\/uploads\\\/2021\\\/08\\\/cropped-AdobeStock_130744166-e1633108356430.jpeg\",\"datePublished\":\"2021-09-26T17:53:39+00:00\",\"dateModified\":\"2021-10-24T12:35:14+00:00\",\"breadcrumb\":{\"@id\":\"https:\\\/\\\/naturorel.fr\\\/sante-bien-etre-au-travail\\\/qui-sommes-nous\\\/#breadcrumb\"},\"inLanguage\":\"fr-FR\",\"potentialAction\":[{\"@type\":\"ReadAction\",\"target\":[\"https:\\\/\\\/naturorel.fr\\\/sante-bien-etre-au-travail\\\/qui-sommes-nous\\\/\"]}]},{\"@type\":\"ImageObject\",\"inLanguage\":\"fr-FR\",\"@id\":\"https:\\\/\\\/naturorel.fr\\\/sante-bien-etre-au-travail\\\/qui-sommes-nous\\\/#primaryimage\",\"url\":\"https:\\\/\\\/naturorel.fr\\\/sante-bien-etre-au-travail\\\/wp-content\\\/uploads\\\/2021\\\/08\\\/cropped-AdobeStock_130744166-e1633108356430.jpeg\",\"contentUrl\":\"https:\\\/\\\/naturorel.fr\\\/sante-bien-etre-au-travail\\\/wp-content\\\/uploads\\\/2021\\\/08\\\/cropped-AdobeStock_130744166-e1633108356430.jpeg\",\"width\":562,\"height\":381},{\"@type\":\"BreadcrumbList\",\"@id\":\"https:\\\/\\\/naturorel.fr\\\/sante-bien-etre-au-travail\\\/qui-sommes-nous\\\/#breadcrumb\",\"itemListElement\":[{\"@type\":\"ListItem\",\"position\":1,\"name\":\"Accueil\",\"item\":\"https:\\\/\\\/naturorel.fr\\\/sante-bien-etre-au-travail\\\/\"},{\"@type\":\"ListItem\",\"position\":2,\"name\":\"Qui sommes nous ?\"}]},{\"@type\":\"WebSite\",\"@id\":\"https:\\\/\\\/naturorel.fr\\\/sante-bien-etre-au-travail\\\/#website\",\"url\":\"https:\\\/\\\/naturorel.fr\\\/sante-bien-etre-au-travail\\\/\",\"name\":\"ACCOMPAGNEMENT SANT\u00c9, PR\u00c9VENTION ET BIEN-\u00caTRE AU TRAVAIL\",\"description\":\"\",\"publisher\":{\"@id\":\"https:\\\/\\\/naturorel.fr\\\/sante-bien-etre-au-travail\\\/#organization\"},\"potentialAction\":[{\"@type\":\"SearchAction\",\"target\":{\"@type\":\"EntryPoint\",\"urlTemplate\":\"https:\\\/\\\/naturorel.fr\\\/sante-bien-etre-au-travail\\\/?s={search_term_string}\"},\"query-input\":{\"@type\":\"PropertyValueSpecification\",\"valueRequired\":true,\"valueName\":\"search_term_string\"}}],\"inLanguage\":\"fr-FR\"},{\"@type\":\"Organization\",\"@id\":\"https:\\\/\\\/naturorel.fr\\\/sante-bien-etre-au-travail\\\/#organization\",\"name\":\"NaturOrel\",\"url\":\"https:\\\/\\\/naturorel.fr\\\/sante-bien-etre-au-travail\\\/\",\"logo\":{\"@type\":\"ImageObject\",\"inLanguage\":\"fr-FR\",\"@id\":\"https:\\\/\\\/naturorel.fr\\\/sante-bien-etre-au-travail\\\/#\\\/schema\\\/logo\\\/image\\\/\",\"url\":\"https:\\\/\\\/qvt.naturorel.fr\\\/wp-content\\\/uploads\\\/2021\\\/08\\\/cropped-Natur-Orel-logo.png\",\"contentUrl\":\"https:\\\/\\\/qvt.naturorel.fr\\\/wp-content\\\/uploads\\\/2021\\\/08\\\/cropped-Natur-Orel-logo.png\",\"width\":1917,\"height\":1777,\"caption\":\"NaturOrel\"},\"image\":{\"@id\":\"https:\\\/\\\/naturorel.fr\\\/sante-bien-etre-au-travail\\\/#\\\/schema\\\/logo\\\/image\\\/\"},\"sameAs\":[\"https:\\\/\\\/www.facebook.com\\\/NaturOrel\",\"https:\\\/\\\/x.com\\\/naturorel\",\"https:\\\/\\\/fr.linkedin.com\\\/in\\\/aur\u00e9lie-everaere-natur\u2019orel\"]}]}<\/script>\n<!-- \/ Yoast SEO plugin. -->","yoast_head_json":{"title":"Qui sommes nous ? - ACCOMPAGNEMENT SANT\u00c9, PR\u00c9VENTION ET BIEN-\u00caTRE AU TRAVAIL","robots":{"index":"index","follow":"follow","max-snippet":"max-snippet:-1","max-image-preview":"max-image-preview:large","max-video-preview":"max-video-preview:-1"},"canonical":"https:\/\/naturorel.fr\/sante-bien-etre-au-travail\/qui-sommes-nous\/","og_locale":"fr_FR","og_type":"article","og_title":"Qui sommes nous ? - ACCOMPAGNEMENT SANT\u00c9, PR\u00c9VENTION ET BIEN-\u00caTRE AU TRAVAIL","og_description":"D\u2019une nature enthousiaste, hyperactive, toujours en soif d\u2019apprendre, Aur\u00e9lie Everaere conna\u00eet un parcours en entreprise qui lui a permis d\u2019acc\u00e9der \u00e0 des postes de direction pendant plus de 15 ans jusqu\u2019au jour o\u00f9 sa sant\u00e9 &hellip;","og_url":"https:\/\/naturorel.fr\/sante-bien-etre-au-travail\/qui-sommes-nous\/","og_site_name":"ACCOMPAGNEMENT SANT\u00c9, PR\u00c9VENTION ET BIEN-\u00caTRE AU TRAVAIL","article_publisher":"https:\/\/www.facebook.com\/NaturOrel","article_modified_time":"2021-10-24T12:35:14+00:00","og_image":[{"width":562,"height":381,"url":"https:\/\/naturorel.fr\/sante-bien-etre-au-travail\/wp-content\/uploads\/2021\/08\/cropped-AdobeStock_130744166-e1633108356430.jpeg","type":"image\/jpeg"}],"twitter_card":"summary_large_image","twitter_site":"@naturorel","twitter_misc":{"Dur\u00e9e de lecture estim\u00e9e":"1 minute"},"schema":{"@context":"https:\/\/schema.org","@graph":[{"@type":"WebPage","@id":"https:\/\/naturorel.fr\/sante-bien-etre-au-travail\/qui-sommes-nous\/","url":"https:\/\/naturorel.fr\/sante-bien-etre-au-travail\/qui-sommes-nous\/","name":"Qui sommes nous ? - ACCOMPAGNEMENT SANT\u00c9, PR\u00c9VENTION ET BIEN-\u00caTRE AU TRAVAIL","isPartOf":{"@id":"https:\/\/naturorel.fr\/sante-bien-etre-au-travail\/#website"},"primaryImageOfPage":{"@id":"https:\/\/naturorel.fr\/sante-bien-etre-au-travail\/qui-sommes-nous\/#primaryimage"},"image":{"@id":"https:\/\/naturorel.fr\/sante-bien-etre-au-travail\/qui-sommes-nous\/#primaryimage"},"thumbnailUrl":"https:\/\/naturorel.fr\/sante-bien-etre-au-travail\/wp-content\/uploads\/2021\/08\/cropped-AdobeStock_130744166-e1633108356430.jpeg","datePublished":"2021-09-26T17:53:39+00:00","dateModified":"2021-10-24T12:35:14+00:00","breadcrumb":{"@id":"https:\/\/naturorel.fr\/sante-bien-etre-au-travail\/qui-sommes-nous\/#breadcrumb"},"inLanguage":"fr-FR","potentialAction":[{"@type":"ReadAction","target":["https:\/\/naturorel.fr\/sante-bien-etre-au-travail\/qui-sommes-nous\/"]}]},{"@type":"ImageObject","inLanguage":"fr-FR","@id":"https:\/\/naturorel.fr\/sante-bien-etre-au-travail\/qui-sommes-nous\/#primaryimage","url":"https:\/\/naturorel.fr\/sante-bien-etre-au-travail\/wp-content\/uploads\/2021\/08\/cropped-AdobeStock_130744166-e1633108356430.jpeg","contentUrl":"https:\/\/naturorel.fr\/sante-bien-etre-au-travail\/wp-content\/uploads\/2021\/08\/cropped-AdobeStock_130744166-e1633108356430.jpeg","width":562,"height":381},{"@type":"BreadcrumbList","@id":"https:\/\/naturorel.fr\/sante-bien-etre-au-travail\/qui-sommes-nous\/#breadcrumb","itemListElement":[{"@type":"ListItem","position":1,"name":"Accueil","item":"https:\/\/naturorel.fr\/sante-bien-etre-au-travail\/"},{"@type":"ListItem","position":2,"name":"Qui sommes nous ?"}]},{"@type":"WebSite","@id":"https:\/\/naturorel.fr\/sante-bien-etre-au-travail\/#website","url":"https:\/\/naturorel.fr\/sante-bien-etre-au-travail\/","name":"ACCOMPAGNEMENT SANT\u00c9, PR\u00c9VENTION ET BIEN-\u00caTRE AU TRAVAIL","description":"","publisher":{"@id":"https:\/\/naturorel.fr\/sante-bien-etre-au-travail\/#organization"},"potentialAction":[{"@type":"SearchAction","target":{"@type":"EntryPoint","urlTemplate":"https:\/\/naturorel.fr\/sante-bien-etre-au-travail\/?s={search_term_string}"},"query-input":{"@type":"PropertyValueSpecification","valueRequired":true,"valueName":"search_term_string"}}],"inLanguage":"fr-FR"},{"@type":"Organization","@id":"https:\/\/naturorel.fr\/sante-bien-etre-au-travail\/#organization","name":"NaturOrel","url":"https:\/\/naturorel.fr\/sante-bien-etre-au-travail\/","logo":{"@type":"ImageObject","inLanguage":"fr-FR","@id":"https:\/\/naturorel.fr\/sante-bien-etre-au-travail\/#\/schema\/logo\/image\/","url":"https:\/\/qvt.naturorel.fr\/wp-content\/uploads\/2021\/08\/cropped-Natur-Orel-logo.png","contentUrl":"https:\/\/qvt.naturorel.fr\/wp-content\/uploads\/2021\/08\/cropped-Natur-Orel-logo.png","width":1917,"height":1777,"caption":"NaturOrel"},"image":{"@id":"https:\/\/naturorel.fr\/sante-bien-etre-au-travail\/#\/schema\/logo\/image\/"},"sameAs":["https:\/\/www.facebook.com\/NaturOrel","https:\/\/x.com\/naturorel","https:\/\/fr.linkedin.com\/in\/aur\u00e9lie-everaere-natur\u2019orel"]}]}},"_links":{"self":[{"href":"https:\/\/naturorel.fr\/sante-bien-etre-au-travail\/wp-json\/wp\/v2\/pages\/229","targetHints":{"allow":["GET"]}}],"collection":[{"href":"https:\/\/naturorel.fr\/sante-bien-etre-au-travail\/wp-json\/wp\/v2\/pages"}],"about":[{"href":"https:\/\/naturorel.fr\/sante-bien-etre-au-travail\/wp-json\/wp\/v2\/types\/page"}],"author":[{"embeddable":true,"href":"https:\/\/naturorel.fr\/sante-bien-etre-au-travail\/wp-json\/wp\/v2\/users\/1"}],"replies":[{"embeddable":true,"href":"https:\/\/naturorel.fr\/sante-bien-etre-au-travail\/wp-json\/wp\/v2\/comments?post=229"}],"version-history":[{"count":3,"href":"https:\/\/naturorel.fr\/sante-bien-etre-au-travail\/wp-json\/wp\/v2\/pages\/229\/revisions"}],"predecessor-version":[{"id":1251,"href":"https:\/\/naturorel.fr\/sante-bien-etre-au-travail\/wp-json\/wp\/v2\/pages\/229\/revisions\/1251"}],"wp:featuredmedia":[{"embeddable":true,"href":"https:\/\/naturorel.fr\/sante-bien-etre-au-travail\/wp-json\/wp\/v2\/media\/1233"}],"wp:attachment":[{"href":"https:\/\/naturorel.fr\/sante-bien-etre-au-travail\/wp-json\/wp\/v2\/media?parent=229"}],"curies":[{"name":"wp","href":"https:\/\/api.w.org\/{rel}","templated":true}]}}