{"id":257,"date":"2021-09-26T19:42:18","date_gmt":"2021-09-26T19:42:18","guid":{"rendered":"https:\/\/qvt.naturorel.fr\/?page_id=257"},"modified":"2021-10-11T19:51:41","modified_gmt":"2021-10-11T19:51:41","slug":"qvt-bien-etre-au-travail-entreprise-responsable","status":"publish","type":"page","link":"https:\/\/naturorel.fr\/sante-bien-etre-au-travail\/qvt-bien-etre-au-travail-entreprise-responsable\/","title":{"rendered":"Comment r\u00e9pondre aux nouveaux enjeux de l\u2019entreprise responsable ?"},"content":{"rendered":"<div class=\"wp-block-columns eplus-yhQL3I is-layout-flex wp-container-core-columns-is-layout-9d6595d7 wp-block-columns-is-layout-flex eplus-styles-uid-6b85f7\">\n<div class=\"wp-block-column is-vertically-aligned-top eplus-xpSM3i is-layout-flow wp-block-column-is-layout-flow\">\n<div class=\"wp-block-group eplus-2mhqGG\"><div class=\"wp-block-group__inner-container is-layout-flow wp-block-group-is-layout-flow\"><div class=\"wp-block-group eplus-6k3vjg eplus-styles-uid-740fd6\"><div class=\"wp-block-group__inner-container is-layout-flow wp-block-group-is-layout-flow\">\n<div class=\"wp-block-group eplus-AX1Nnr\"><div class=\"wp-block-group__inner-container is-layout-flow wp-block-group-is-layout-flow\"><div class=\"wp-block-group alignfull eplus-dmMF5X eplus-styles-uid-4acf20\"><div class=\"wp-block-group__inner-container is-layout-flow wp-block-group-is-layout-flow\"><div class=\"wp-block-group eplus-yhtNUf eplus-styles-uid-740fd6\"><div class=\"wp-block-group__inner-container is-layout-flow wp-block-group-is-layout-flow\">\n<div class=\"wp-block-group eplus-JIyx9b\"><div class=\"wp-block-group__inner-container is-layout-flow wp-block-group-is-layout-flow\"><p class=\"eplus-iGrYgG eplus-styles-uid-740fd6\">La transition fulgurante du num\u00e9rique et de l\u2019\u00e9cologique, les contraintes li\u00e9es au Covid, engendrent une complexit\u00e9 de la gestion de l\u2019entreprise. Les salari\u00e9s sont mis \u00e0 \u00e9preuve et doivent sans cesse s\u2019adapter aux nouvelles m\u00e9thodes plus productives ainsi qu\u2019aux circonstances impr\u00e9vues.<\/p><\/div><\/div>\n\n\n<p class=\"eplus-CtjWzy eplus-styles-uid-740fd6\"><strong>Comment rester zen et appr\u00e9hender un march\u00e9 tumultueux ?<\/strong><\/p><\/div><\/div>\n\n<p class=\"eplus-9Q6L9L eplus-styles-uid-a51f32\">Comment quitter sa zone de confort en gardant son \u00e9nergie et avancer avec motivation ?<\/p>\n\n\n<p class=\"eplus-zlngX5\">Comment continuer \u00e0 apprendre sans occasionner de stress ?<\/p>\n\n\n\n<h5 class=\"eplus-x14ahN wp-block-heading\">La sant\u00e9, la pr\u00e9vention et le bien-\u00eatre des salari\u00e9s sont les nouveaux enjeux des entreprises responsables<\/h5>\n\n\n\n<p class=\"eplus-wdVJod\">De plus en plus d\u2019\u00e9tudes montrent qu\u2019un environnement de travail sain avec une bonne ambiance, ainsi qu\u2019une gestion de la sant\u00e9 des salari\u00e9s seraient des vecteurs propices \u00e0 l\u2019am\u00e9lioration de la productivit\u00e9 et la comp\u00e9titivit\u00e9 des entreprises.<\/p>\n<\/div><\/div><\/div><\/div>\n<\/div><\/div><\/div><\/div>\n<\/div>\n\n\n\n<div class=\"wp-block-column eplus-C2HYGc is-layout-flow wp-block-column-is-layout-flow\">\n<div class=\"wp-block-kioken-visual-list kb-icon-list-items kb-icon-list-items_d42103-7c kb-icon-list-columns-1 alignnone\"><ul class=\"kb-icon-list\"><li class=\"kb-icon-list-style-stacked kt_flex_aligncenter kb-icon-list-item-wrap kb-icon-list-item-0\"><div style=\"display:inline-flex;justify-content:center;align-items:center;color:#4eba8e;padding:5px;border-width:13px\" class=\"kb-icon-list-single kb-icon-list-single-fe_circle\"><svg viewbox=\"0 0 24 24\" height=\"27\" width=\"27\" fill=\"none\" stroke=\"currentColor\" stroke-width=\"3.5\" stroke-linecap=\"round\" stroke-linejoin=\"round\" xmlns=\"http:\/\/www.w3.org\/2000\/svg\" style=\"fill:none;display:inline-block;vertical-align:middle\" role=\"img\" aria-hidden=\"true\"><circle cx=\"12\" cy=\"12\" r=\"10\"><\/circle><\/svg><\/div><span class=\"kb-icon-list-text\">Pr\u00e9vention des risques psychosociaux<\/span><\/li><li class=\"kb-icon-list-style-stacked kt_flex_aligncenter kb-icon-list-item-wrap kb-icon-list-item-1\"><div style=\"display:inline-flex;justify-content:center;align-items:center;color:#4eba8e;padding:5px;border-width:13px\" class=\"kb-icon-list-single kb-icon-list-single-fe_circle\"><svg viewbox=\"0 0 24 24\" height=\"27\" width=\"27\" fill=\"none\" stroke=\"currentColor\" stroke-width=\"3.5\" stroke-linecap=\"round\" stroke-linejoin=\"round\" xmlns=\"http:\/\/www.w3.org\/2000\/svg\" style=\"fill:none;display:inline-block;vertical-align:middle\" role=\"img\" aria-hidden=\"true\"><circle cx=\"12\" cy=\"12\" r=\"10\"><\/circle><\/svg><\/div><span class=\"kb-icon-list-text\">Pr\u00e9vention des troubles musculosquelettiques<\/span><\/li><li class=\"kb-icon-list-style-stacked kt_flex_aligncenter kb-icon-list-item-wrap kb-icon-list-item-2\"><div style=\"display:inline-flex;justify-content:center;align-items:center;color:#4eba8e;padding:5px;border-width:13px\" class=\"kb-icon-list-single kb-icon-list-single-fe_circle\"><svg viewbox=\"0 0 24 24\" height=\"27\" width=\"27\" fill=\"none\" stroke=\"currentColor\" stroke-width=\"3.5\" stroke-linecap=\"round\" stroke-linejoin=\"round\" xmlns=\"http:\/\/www.w3.org\/2000\/svg\" style=\"fill:none;display:inline-block;vertical-align:middle\" role=\"img\" aria-hidden=\"true\"><circle cx=\"12\" cy=\"12\" r=\"10\"><\/circle><\/svg><\/div><span class=\"kb-icon-list-text\">Diminution de l\u2019absent\u00e9isme<\/span><\/li><li class=\"kb-icon-list-style-stacked kt_flex_aligncenter kb-icon-list-item-wrap kb-icon-list-item-3\"><div style=\"display:inline-flex;justify-content:center;align-items:center;color:#4eba8e;padding:5px;border-width:13px\" class=\"kb-icon-list-single kb-icon-list-single-fe_circle\"><svg viewbox=\"0 0 24 24\" height=\"27\" width=\"27\" fill=\"none\" stroke=\"currentColor\" stroke-width=\"3.5\" stroke-linecap=\"round\" stroke-linejoin=\"round\" xmlns=\"http:\/\/www.w3.org\/2000\/svg\" style=\"fill:none;display:inline-block;vertical-align:middle\" role=\"img\" aria-hidden=\"true\"><circle cx=\"12\" cy=\"12\" r=\"10\"><\/circle><\/svg><\/div><span class=\"kb-icon-list-text\">Am\u00e9lioration de la sant\u00e9 physique et mentale<\/span><\/li><li class=\"kb-icon-list-style-stacked kt_flex_aligncenter kb-icon-list-item-wrap kb-icon-list-item-4\"><div style=\"display:inline-flex;justify-content:center;align-items:center;color:#4eba8e;padding:5px;border-width:13px\" class=\"kb-icon-list-single kb-icon-list-single-fe_circle\"><svg viewbox=\"0 0 24 24\" height=\"27\" width=\"27\" fill=\"none\" stroke=\"currentColor\" stroke-width=\"3.5\" stroke-linecap=\"round\" stroke-linejoin=\"round\" xmlns=\"http:\/\/www.w3.org\/2000\/svg\" style=\"fill:none;display:inline-block;vertical-align:middle\" role=\"img\" aria-hidden=\"true\"><circle cx=\"12\" cy=\"12\" r=\"10\"><\/circle><\/svg><\/div><span class=\"kb-icon-list-text\">Augmentation de la productivit\u00e9<\/span><\/li><li class=\"kb-icon-list-style-stacked kt_flex_aligncenter kb-icon-list-item-wrap kb-icon-list-item-5\"><div style=\"display:inline-flex;justify-content:center;align-items:center;color:#4eba8e;padding:5px;border-width:13px\" class=\"kb-icon-list-single kb-icon-list-single-fe_circle\"><svg viewbox=\"0 0 24 24\" height=\"27\" width=\"27\" fill=\"none\" stroke=\"currentColor\" stroke-width=\"3.5\" stroke-linecap=\"round\" stroke-linejoin=\"round\" xmlns=\"http:\/\/www.w3.org\/2000\/svg\" style=\"fill:none;display:inline-block;vertical-align:middle\" role=\"img\" aria-hidden=\"true\"><circle cx=\"12\" cy=\"12\" r=\"10\"><\/circle><\/svg><\/div><span class=\"kb-icon-list-text\">Accroissement de la performance<\/span><\/li><li class=\"kb-icon-list-style-stacked kt_flex_aligncenter kb-icon-list-item-wrap kb-icon-list-item-6\"><div style=\"display:inline-flex;justify-content:center;align-items:center;color:#4eba8e;padding:5px;border-width:13px\" class=\"kb-icon-list-single kb-icon-list-single-fe_circle\"><svg viewbox=\"0 0 24 24\" height=\"27\" width=\"27\" fill=\"none\" stroke=\"currentColor\" stroke-width=\"3.5\" stroke-linecap=\"round\" stroke-linejoin=\"round\" xmlns=\"http:\/\/www.w3.org\/2000\/svg\" style=\"fill:none;display:inline-block;vertical-align:middle\" role=\"img\" aria-hidden=\"true\"><circle cx=\"12\" cy=\"12\" r=\"10\"><\/circle><\/svg><\/div><span class=\"kb-icon-list-text\">Hausse de la motivation<\/span><\/li><li class=\"kb-icon-list-style-stacked kt_flex_aligncenter kb-icon-list-item-wrap kb-icon-list-item-7\"><div style=\"display:inline-flex;justify-content:center;align-items:center;color:#4eba8e;padding:5px;border-width:13px\" class=\"kb-icon-list-single kb-icon-list-single-fe_circle\"><svg viewbox=\"0 0 24 24\" height=\"27\" width=\"27\" fill=\"none\" stroke=\"currentColor\" stroke-width=\"3.5\" stroke-linecap=\"round\" stroke-linejoin=\"round\" xmlns=\"http:\/\/www.w3.org\/2000\/svg\" style=\"fill:none;display:inline-block;vertical-align:middle\" role=\"img\" aria-hidden=\"true\"><circle cx=\"12\" cy=\"12\" r=\"10\"><\/circle><\/svg><\/div><span class=\"kb-icon-list-text\">Mont\u00e9e de la notori\u00e9t\u00e9 et de la reconnaissance<\/span><\/li><\/ul><\/div>\n<\/div>\n<\/div>","protected":false},"excerpt":{"rendered":"<p>La transition fulgurante du num\u00e9rique et de l\u2019\u00e9cologique, les contraintes li\u00e9es au Covid, engendrent une complexit\u00e9 de la gestion de l\u2019entreprise. Les salari\u00e9s sont mis \u00e0 \u00e9preuve et doivent sans cesse s\u2019adapter aux nouvelles m\u00e9thodes &hellip; <\/p>\n","protected":false},"author":1,"featured_media":0,"parent":0,"menu_order":0,"comment_status":"closed","ping_status":"closed","template":"elementor_header_footer","meta":{"editor_plus_copied_stylings":"{\"epCustomPadding\":{\"value\":{\"top\":\"1\",\"right\":\"2\",\"bottom\":\"1\",\"left\":\"2\"},\"unit\":\"%\",\"important\":false},\"epCustomShapeDividerBefore\":{\"height\":{\"value\":\"30\",\"important\":false,\"unit\":\"%\"},\"width\":{\"value\":86,\"important\":false,\"unit\":\"%\"},\"color\":\"\",\"style\":\"\",\"arrangement\":\"top\",\"position\":\"top\",\"flip\":false}}","kk_blocks_editor_width":"","_kiokenblocks_attr":"","_kiokenblocks_dimensions":"","footnotes":""},"class_list":["post-257","page","type-page","status-publish","hentry","latest_post"],"yoast_head":"<!-- This site is optimized with the Yoast SEO plugin v27.5 - https:\/\/yoast.com\/product\/yoast-seo-wordpress\/ -->\n<title>Comment r\u00e9pondre aux nouveaux enjeux de l\u2019entreprise responsable ? - ACCOMPAGNEMENT SANT\u00c9, PR\u00c9VENTION ET BIEN-\u00caTRE AU TRAVAIL<\/title>\n<meta name=\"robots\" content=\"index, follow, max-snippet:-1, max-image-preview:large, max-video-preview:-1\" \/>\n<link rel=\"canonical\" href=\"https:\/\/naturorel.fr\/sante-bien-etre-au-travail\/qvt-bien-etre-au-travail-entreprise-responsable\/\" \/>\n<meta property=\"og:locale\" content=\"fr_FR\" \/>\n<meta property=\"og:type\" content=\"article\" \/>\n<meta property=\"og:title\" content=\"Comment r\u00e9pondre aux nouveaux enjeux de l\u2019entreprise responsable ? - ACCOMPAGNEMENT SANT\u00c9, PR\u00c9VENTION ET BIEN-\u00caTRE AU TRAVAIL\" \/>\n<meta property=\"og:description\" content=\"La transition fulgurante du num\u00e9rique et de l\u2019\u00e9cologique, les contraintes li\u00e9es au Covid, engendrent une complexit\u00e9 de la gestion de l\u2019entreprise. Les salari\u00e9s sont mis \u00e0 \u00e9preuve et doivent sans cesse s\u2019adapter aux nouvelles m\u00e9thodes &hellip;\" \/>\n<meta property=\"og:url\" content=\"https:\/\/naturorel.fr\/sante-bien-etre-au-travail\/qvt-bien-etre-au-travail-entreprise-responsable\/\" \/>\n<meta property=\"og:site_name\" content=\"ACCOMPAGNEMENT SANT\u00c9, PR\u00c9VENTION ET BIEN-\u00caTRE AU TRAVAIL\" \/>\n<meta property=\"article:publisher\" content=\"https:\/\/www.facebook.com\/NaturOrel\" \/>\n<meta property=\"article:modified_time\" content=\"2021-10-11T19:51:41+00:00\" \/>\n<meta name=\"twitter:card\" content=\"summary_large_image\" \/>\n<meta name=\"twitter:site\" content=\"@naturorel\" \/>\n<meta name=\"twitter:label1\" content=\"Dur\u00e9e de lecture estim\u00e9e\" \/>\n\t<meta name=\"twitter:data1\" content=\"1 minute\" \/>\n<script type=\"application\/ld+json\" class=\"yoast-schema-graph\">{\"@context\":\"https:\\\/\\\/schema.org\",\"@graph\":[{\"@type\":\"WebPage\",\"@id\":\"https:\\\/\\\/naturorel.fr\\\/sante-bien-etre-au-travail\\\/qvt-bien-etre-au-travail-entreprise-responsable\\\/\",\"url\":\"https:\\\/\\\/naturorel.fr\\\/sante-bien-etre-au-travail\\\/qvt-bien-etre-au-travail-entreprise-responsable\\\/\",\"name\":\"Comment r\u00e9pondre aux nouveaux enjeux de l\u2019entreprise responsable ? - ACCOMPAGNEMENT SANT\u00c9, PR\u00c9VENTION ET BIEN-\u00caTRE AU TRAVAIL\",\"isPartOf\":{\"@id\":\"https:\\\/\\\/naturorel.fr\\\/sante-bien-etre-au-travail\\\/#website\"},\"datePublished\":\"2021-09-26T19:42:18+00:00\",\"dateModified\":\"2021-10-11T19:51:41+00:00\",\"breadcrumb\":{\"@id\":\"https:\\\/\\\/naturorel.fr\\\/sante-bien-etre-au-travail\\\/qvt-bien-etre-au-travail-entreprise-responsable\\\/#breadcrumb\"},\"inLanguage\":\"fr-FR\",\"potentialAction\":[{\"@type\":\"ReadAction\",\"target\":[\"https:\\\/\\\/naturorel.fr\\\/sante-bien-etre-au-travail\\\/qvt-bien-etre-au-travail-entreprise-responsable\\\/\"]}]},{\"@type\":\"BreadcrumbList\",\"@id\":\"https:\\\/\\\/naturorel.fr\\\/sante-bien-etre-au-travail\\\/qvt-bien-etre-au-travail-entreprise-responsable\\\/#breadcrumb\",\"itemListElement\":[{\"@type\":\"ListItem\",\"position\":1,\"name\":\"Accueil\",\"item\":\"https:\\\/\\\/naturorel.fr\\\/sante-bien-etre-au-travail\\\/\"},{\"@type\":\"ListItem\",\"position\":2,\"name\":\"Comment r\u00e9pondre aux nouveaux enjeux de l\u2019entreprise responsable ?\"}]},{\"@type\":\"WebSite\",\"@id\":\"https:\\\/\\\/naturorel.fr\\\/sante-bien-etre-au-travail\\\/#website\",\"url\":\"https:\\\/\\\/naturorel.fr\\\/sante-bien-etre-au-travail\\\/\",\"name\":\"ACCOMPAGNEMENT SANT\u00c9, PR\u00c9VENTION ET BIEN-\u00caTRE AU TRAVAIL\",\"description\":\"\",\"publisher\":{\"@id\":\"https:\\\/\\\/naturorel.fr\\\/sante-bien-etre-au-travail\\\/#organization\"},\"potentialAction\":[{\"@type\":\"SearchAction\",\"target\":{\"@type\":\"EntryPoint\",\"urlTemplate\":\"https:\\\/\\\/naturorel.fr\\\/sante-bien-etre-au-travail\\\/?s={search_term_string}\"},\"query-input\":{\"@type\":\"PropertyValueSpecification\",\"valueRequired\":true,\"valueName\":\"search_term_string\"}}],\"inLanguage\":\"fr-FR\"},{\"@type\":\"Organization\",\"@id\":\"https:\\\/\\\/naturorel.fr\\\/sante-bien-etre-au-travail\\\/#organization\",\"name\":\"NaturOrel\",\"url\":\"https:\\\/\\\/naturorel.fr\\\/sante-bien-etre-au-travail\\\/\",\"logo\":{\"@type\":\"ImageObject\",\"inLanguage\":\"fr-FR\",\"@id\":\"https:\\\/\\\/naturorel.fr\\\/sante-bien-etre-au-travail\\\/#\\\/schema\\\/logo\\\/image\\\/\",\"url\":\"https:\\\/\\\/qvt.naturorel.fr\\\/wp-content\\\/uploads\\\/2021\\\/08\\\/cropped-Natur-Orel-logo.png\",\"contentUrl\":\"https:\\\/\\\/qvt.naturorel.fr\\\/wp-content\\\/uploads\\\/2021\\\/08\\\/cropped-Natur-Orel-logo.png\",\"width\":1917,\"height\":1777,\"caption\":\"NaturOrel\"},\"image\":{\"@id\":\"https:\\\/\\\/naturorel.fr\\\/sante-bien-etre-au-travail\\\/#\\\/schema\\\/logo\\\/image\\\/\"},\"sameAs\":[\"https:\\\/\\\/www.facebook.com\\\/NaturOrel\",\"https:\\\/\\\/x.com\\\/naturorel\",\"https:\\\/\\\/fr.linkedin.com\\\/in\\\/aur\u00e9lie-everaere-natur\u2019orel\"]}]}<\/script>\n<!-- \/ Yoast SEO plugin. -->","yoast_head_json":{"title":"Comment r\u00e9pondre aux nouveaux enjeux de l\u2019entreprise responsable ? - ACCOMPAGNEMENT SANT\u00c9, PR\u00c9VENTION ET BIEN-\u00caTRE AU TRAVAIL","robots":{"index":"index","follow":"follow","max-snippet":"max-snippet:-1","max-image-preview":"max-image-preview:large","max-video-preview":"max-video-preview:-1"},"canonical":"https:\/\/naturorel.fr\/sante-bien-etre-au-travail\/qvt-bien-etre-au-travail-entreprise-responsable\/","og_locale":"fr_FR","og_type":"article","og_title":"Comment r\u00e9pondre aux nouveaux enjeux de l\u2019entreprise responsable ? - ACCOMPAGNEMENT SANT\u00c9, PR\u00c9VENTION ET BIEN-\u00caTRE AU TRAVAIL","og_description":"La transition fulgurante du num\u00e9rique et de l\u2019\u00e9cologique, les contraintes li\u00e9es au Covid, engendrent une complexit\u00e9 de la gestion de l\u2019entreprise. Les salari\u00e9s sont mis \u00e0 \u00e9preuve et doivent sans cesse s\u2019adapter aux nouvelles m\u00e9thodes &hellip;","og_url":"https:\/\/naturorel.fr\/sante-bien-etre-au-travail\/qvt-bien-etre-au-travail-entreprise-responsable\/","og_site_name":"ACCOMPAGNEMENT SANT\u00c9, PR\u00c9VENTION ET BIEN-\u00caTRE AU TRAVAIL","article_publisher":"https:\/\/www.facebook.com\/NaturOrel","article_modified_time":"2021-10-11T19:51:41+00:00","twitter_card":"summary_large_image","twitter_site":"@naturorel","twitter_misc":{"Dur\u00e9e de lecture estim\u00e9e":"1 minute"},"schema":{"@context":"https:\/\/schema.org","@graph":[{"@type":"WebPage","@id":"https:\/\/naturorel.fr\/sante-bien-etre-au-travail\/qvt-bien-etre-au-travail-entreprise-responsable\/","url":"https:\/\/naturorel.fr\/sante-bien-etre-au-travail\/qvt-bien-etre-au-travail-entreprise-responsable\/","name":"Comment r\u00e9pondre aux nouveaux enjeux de l\u2019entreprise responsable ? - ACCOMPAGNEMENT SANT\u00c9, PR\u00c9VENTION ET BIEN-\u00caTRE AU TRAVAIL","isPartOf":{"@id":"https:\/\/naturorel.fr\/sante-bien-etre-au-travail\/#website"},"datePublished":"2021-09-26T19:42:18+00:00","dateModified":"2021-10-11T19:51:41+00:00","breadcrumb":{"@id":"https:\/\/naturorel.fr\/sante-bien-etre-au-travail\/qvt-bien-etre-au-travail-entreprise-responsable\/#breadcrumb"},"inLanguage":"fr-FR","potentialAction":[{"@type":"ReadAction","target":["https:\/\/naturorel.fr\/sante-bien-etre-au-travail\/qvt-bien-etre-au-travail-entreprise-responsable\/"]}]},{"@type":"BreadcrumbList","@id":"https:\/\/naturorel.fr\/sante-bien-etre-au-travail\/qvt-bien-etre-au-travail-entreprise-responsable\/#breadcrumb","itemListElement":[{"@type":"ListItem","position":1,"name":"Accueil","item":"https:\/\/naturorel.fr\/sante-bien-etre-au-travail\/"},{"@type":"ListItem","position":2,"name":"Comment r\u00e9pondre aux nouveaux enjeux de l\u2019entreprise responsable ?"}]},{"@type":"WebSite","@id":"https:\/\/naturorel.fr\/sante-bien-etre-au-travail\/#website","url":"https:\/\/naturorel.fr\/sante-bien-etre-au-travail\/","name":"ACCOMPAGNEMENT SANT\u00c9, PR\u00c9VENTION ET BIEN-\u00caTRE AU TRAVAIL","description":"","publisher":{"@id":"https:\/\/naturorel.fr\/sante-bien-etre-au-travail\/#organization"},"potentialAction":[{"@type":"SearchAction","target":{"@type":"EntryPoint","urlTemplate":"https:\/\/naturorel.fr\/sante-bien-etre-au-travail\/?s={search_term_string}"},"query-input":{"@type":"PropertyValueSpecification","valueRequired":true,"valueName":"search_term_string"}}],"inLanguage":"fr-FR"},{"@type":"Organization","@id":"https:\/\/naturorel.fr\/sante-bien-etre-au-travail\/#organization","name":"NaturOrel","url":"https:\/\/naturorel.fr\/sante-bien-etre-au-travail\/","logo":{"@type":"ImageObject","inLanguage":"fr-FR","@id":"https:\/\/naturorel.fr\/sante-bien-etre-au-travail\/#\/schema\/logo\/image\/","url":"https:\/\/qvt.naturorel.fr\/wp-content\/uploads\/2021\/08\/cropped-Natur-Orel-logo.png","contentUrl":"https:\/\/qvt.naturorel.fr\/wp-content\/uploads\/2021\/08\/cropped-Natur-Orel-logo.png","width":1917,"height":1777,"caption":"NaturOrel"},"image":{"@id":"https:\/\/naturorel.fr\/sante-bien-etre-au-travail\/#\/schema\/logo\/image\/"},"sameAs":["https:\/\/www.facebook.com\/NaturOrel","https:\/\/x.com\/naturorel","https:\/\/fr.linkedin.com\/in\/aur\u00e9lie-everaere-natur\u2019orel"]}]}},"_links":{"self":[{"href":"https:\/\/naturorel.fr\/sante-bien-etre-au-travail\/wp-json\/wp\/v2\/pages\/257","targetHints":{"allow":["GET"]}}],"collection":[{"href":"https:\/\/naturorel.fr\/sante-bien-etre-au-travail\/wp-json\/wp\/v2\/pages"}],"about":[{"href":"https:\/\/naturorel.fr\/sante-bien-etre-au-travail\/wp-json\/wp\/v2\/types\/page"}],"author":[{"embeddable":true,"href":"https:\/\/naturorel.fr\/sante-bien-etre-au-travail\/wp-json\/wp\/v2\/users\/1"}],"replies":[{"embeddable":true,"href":"https:\/\/naturorel.fr\/sante-bien-etre-au-travail\/wp-json\/wp\/v2\/comments?post=257"}],"version-history":[{"count":23,"href":"https:\/\/naturorel.fr\/sante-bien-etre-au-travail\/wp-json\/wp\/v2\/pages\/257\/revisions"}],"predecessor-version":[{"id":1698,"href":"https:\/\/naturorel.fr\/sante-bien-etre-au-travail\/wp-json\/wp\/v2\/pages\/257\/revisions\/1698"}],"wp:attachment":[{"href":"https:\/\/naturorel.fr\/sante-bien-etre-au-travail\/wp-json\/wp\/v2\/media?parent=257"}],"curies":[{"name":"wp","href":"https:\/\/api.w.org\/{rel}","templated":true}]}}